{"id":3182,"date":"2025-06-12T11:29:42","date_gmt":"2025-06-12T11:29:42","guid":{"rendered":"https:\/\/terralivha.pt\/?page_id=3182"},"modified":"2025-07-15T09:30:32","modified_gmt":"2025-07-15T09:30:32","slug":"dons-de-materiel","status":"publish","type":"page","link":"https:\/\/terralivha.pt\/fr\/dons-de-materiel\/","title":{"rendered":"Appel \u00e0 dons de mat\u00e9riel"},"content":{"rendered":"\n<div class=\"wp-block-uagb-container uagb-block-8de9c239 alignfull uagb-is-root-container\"><div class=\"uagb-container-inner-blocks-wrap\">\n<div class=\"wp-block-uagb-advanced-heading uagb-block-99148d6e\"><h1 class=\"uagb-heading-text\">Appel aux dons de mat\u00e9riel<\/h1><\/div>\n<\/div><\/div>\n\n\n\n<p>Bienvenue sur la page d&rsquo;appel aux dons de mat\u00e9riel pour le chantier de r\u00e9novation de la toiture. Vous trouverez ci-dessous sur cette page la liste compl\u00e8te du mat\u00e9riel recherch\u00e9, ainsi que le formulaire que vous pouvez remplir pour proposer un don de mat\u00e9riel.<\/p>\n\n\n\n<p>Nous vous remercions de tout coeur pour votre aide pour concr\u00e9tiser cette r\u00e9alisation tous ensemble\ud83d\ude0a\ud83d\ude4f\ud83d\udc9b<\/p>\n\n\n\n<div class=\"wp-block-uagb-advanced-heading uagb-block-67d86661\" id=\"liste-materiel\"><h3 class=\"uagb-heading-text\">Liste du mat\u00e9riel recherch\u00e9 :<\/h3><\/div>\n\n\n\n<p>Voici ci-dessous la liste du mat\u00e9riel recherch\u00e9. Pour proposer un don de mat\u00e9riel, cliquez sur le bouton vert.<\/p>\n\n\n\n<div class=\"wp-block-buttons is-layout-flex wp-block-buttons-is-layout-flex\" style=\"border-style:none;border-width:0px;border-radius:0px\">\n<div class=\"wp-block-button\"><a class=\"wp-block-button__link wp-element-button\" href=\"https:\/\/terralivha.pt\/fr\/dons-de-materiel\/#don-materiel\"><strong>Proposer un don de mat\u00e9riel<\/strong><\/a><\/div>\n<\/div>\n\n\n\n<p><strong>OBJETS ET MATERIEL RECHERCH\u00c9 <\/strong>:<\/p>\n\n\n\n<p>Groupe \u00e9lectrog\u00e8ne via Installation solaire (Panneaux\/batteries)<\/p>\n\n\n\n<p>Tonne \u00e0 eau (cuve IBC)<\/p>\n\n\n\n<p>Bidons d&rsquo;eau alimentaires avec robinet (20 litres ou +)<\/p>\n\n\n\n<p>Gourdes ou thermos gardant frais<\/p>\n\n\n\n<p>Glaci\u00e8res et blocs de froids<\/p>\n\n\n\n<p>Raccords et flexibles pour bouteilles de gaz<\/p>\n\n\n\n<p>Colliers de serrage \u00e0 vis<\/p>\n\n\n\n<p>Tuyaux d&rsquo;arrosage (de pr\u00e9f\u00e9rence longs, et raccords divers)<\/p>\n\n\n\n<p>Raccords pour cuve IBC S60x6 avec robinet<\/p>\n\n\n\n<p>Syst\u00e8me de filtration d&rsquo;eau<\/p>\n\n\n\n<p>Bassines, seaux..<\/p>\n\n\n\n<p>Douches solaires<\/p>\n\n\n\n<p>Machine \u00e0 laver manuelle \u00ab\u00a0m\u00e9canique\u00a0\u00bb, bassine\/bac lessive avec planche \u00e0 laver<\/p>\n\n\n\n<p>Lampes gaz\/led, lampes solaires, guirlande \u00e9lectrique<\/p>\n\n\n\n<p>Rallonges, multiprises (avec pr\u00e9f\u00e9rence pour usage ext\u00e9rieur)<\/p>\n\n\n\n<p>Gels douches, savons et shampoings bio<\/p>\n\n\n\n<p>Boites herm\u00e9tiques, Coffres et bacs qui ferment bien, bidons alimentaires, tonneaux : pour stockage alimentaire sur le camping<\/p>\n\n\n\n<p>Cocotte Minute de grande capacit\u00e9<\/p>\n\n\n\n<p>Poubelles<\/p>\n\n\n\n<p>Chaussures de s\u00e9curit\u00e9<\/p>\n\n\n\n<p>Casques de chantier<\/p>\n\n\n\n<p>Equipements de protection divers<\/p>\n\n\n\n<p>Truelles<\/p>\n\n\n\n<p>Outillage \u00e9lectroportatif<\/p>\n\n\n\n<p>Outils et accessoires divers<\/p>\n\n\n\n<p>bandes pour pon\u00e7euse Bosch 80A\/100A<\/p>\n\n\n\n<p>Vis \u00e9toiles, clous galvanis\u00e9s<\/p>\n\n\n\n<p>motoculteur<\/p>\n\n\n\n<p>malaxeur<\/p>\n\n\n\n<p>b\u00e9tonni\u00e8re<\/p>\n\n\n\n<p>Tapis de sol, matelas pour camping<\/p>\n\n\n\n<p>Grandes tentes chapiteau pour espaces couverts<\/p>\n\n\n\n<p>Tentes pour dormir<\/p>\n\n\n\n<p>Toiles d&rsquo;ombrage<\/p>\n\n\n\n<p>Hamacs<\/p>\n\n\n\n<p>Mousquetons, cordes, piquets, etc<\/p>\n\n\n\n<p>B\u00e2ches (pour protection mat\u00e9riel et pour protection toiture)<\/p>\n\n\n\n<p>Robinet, raccords et flexibles<\/p>\n\n\n\n<p>Duvets, couvertures, oreillers de camping<\/p>\n\n\n\n<p>Petite pompe \u00e0 eau electrique pour robinet<\/p>\n\n\n\n<p>Surpresseur, r\u00e9servoir \u00e0 vessie<\/p>\n\n\n\n<p>Lits de camp<\/p>\n\n\n\n<p>Tente pour douche ou toilette compl\u00e9mentaire<\/p>\n\n\n\n<p>filtre \u00e0 gravit\u00e9 pour eau potable (type berkey, doulton ou british bekerfield)<\/p>\n\n\n\n<p>Chauffe eau instantan\u00e9 \u00e0 gaz pour douche de camping<\/p>\n\n\n\n<p>Jarres ou recipients en c\u00e9ramique<\/p>\n\n\n\n<p>Frigo \u00e0 gaz ou frigo trimixte, cong\u00e9lateur<\/p>\n\n\n\n<p><\/p>\n\n\n\n<p>Tables de camping<\/p>\n\n\n\n<p>tr\u00e9teaux et planches<\/p>\n\n\n\n<p>Fil \u00e0 linge\/pinces \u00e0 linge<\/p>\n\n\n\n<div class=\"wp-block-uagb-advanced-heading uagb-block-957ae0ba\" id=\"don-materiel\"><h3 class=\"uagb-heading-text\">Proposer un don de mat\u00e9riel<\/h3><\/div>\n\n\n\n<p>Voici ci-dessous le <strong>formulaire \u00e0 remplir pour proposer un don de mat\u00e9riel<\/strong>. Pour voir la liste compl\u00e8te du mat\u00e9riel recherch\u00e9, cliquez sur le bouton vert.<\/p>\n\n\n\n<div class=\"wp-block-buttons is-layout-flex wp-block-buttons-is-layout-flex\" style=\"border-style:none;border-width:0px;border-radius:0px\">\n<div class=\"wp-block-button\"><a class=\"wp-block-button__link wp-element-button\" href=\"https:\/\/terralivha.pt\/fr\/dons-de-materiel\/#liste-materiel\"><strong>Voir la liste du mat\u00e9riel recherch\u00e9<\/strong><\/a><\/div>\n<\/div>\n\n\n\n<div class=\"wp-block-uagb-container uagb-block-3dbbd520 alignfull uagb-is-root-container\"><div class=\"uagb-container-inner-blocks-wrap\">\n<iframe loading=\"lazy\" src=\"https:\/\/docs.google.com\/forms\/d\/e\/1FAIpQLScG_qi1ozB6OETUzyF2NUZwMg4_oLTjDzt6RDTLTnxAogvLgQ\/viewform?embedded=true\" width=\"640\" height=\"1962\" frameborder=\"0\" marginheight=\"0\" marginwidth=\"0\">Chargement\u2026<\/iframe>\n<\/div><\/div>\n\n\n\n<p><\/p>\n","protected":false},"excerpt":{"rendered":"<p>Appel aux dons de mat\u00e9riel Bienvenue sur la page d&rsquo;appel aux dons de mat\u00e9riel pour le chantier de r\u00e9novation de la toiture. Vous trouverez ci-dessous sur cette page la liste compl\u00e8te du mat\u00e9riel recherch\u00e9, ainsi que le formulaire que vous pouvez remplir pour proposer un don de mat\u00e9riel. Nous vous remercions de tout coeur pour [&hellip;]<\/p>\n","protected":false},"author":1,"featured_media":0,"parent":0,"menu_order":0,"comment_status":"closed","ping_status":"closed","template":"","meta":{"_uag_custom_page_level_css":"","site-sidebar-layout":"default","site-content-layout":"","ast-site-content-layout":"default","site-content-style":"default","site-sidebar-style":"default","ast-global-header-display":"","ast-banner-title-visibility":"","ast-main-header-display":"","ast-hfb-above-header-display":"","ast-hfb-below-header-display":"","ast-hfb-mobile-header-display":"","site-post-title":"disabled","ast-breadcrumbs-content":"","ast-featured-img":"","footer-sml-layout":"","ast-disable-related-posts":"","theme-transparent-header-meta":"","adv-header-id-meta":"","stick-header-meta":"","header-above-stick-meta":"","header-main-stick-meta":"","header-below-stick-meta":"","astra-migrate-meta-layouts":"set","ast-page-background-enabled":"default","ast-page-background-meta":{"desktop":{"background-color":"var(--ast-global-color-4)","background-image":"","background-repeat":"repeat","background-position":"center center","background-size":"auto","background-attachment":"scroll","background-type":"","background-media":"","overlay-type":"","overlay-color":"","overlay-opacity":"","overlay-gradient":""},"tablet":{"background-color":"","background-image":"","background-repeat":"repeat","background-position":"center center","background-size":"auto","background-attachment":"scroll","background-type":"","background-media":"","overlay-type":"","overlay-color":"","overlay-opacity":"","overlay-gradient":""},"mobile":{"background-color":"","background-image":"","background-repeat":"repeat","background-position":"center center","background-size":"auto","background-attachment":"scroll","background-type":"","background-media":"","overlay-type":"","overlay-color":"","overlay-opacity":"","overlay-gradient":""}},"ast-content-background-meta":{"desktop":{"background-color":"var(--ast-global-color-5)","background-image":"","background-repeat":"repeat","background-position":"center center","background-size":"auto","background-attachment":"scroll","background-type":"","background-media":"","overlay-type":"","overlay-color":"","overlay-opacity":"","overlay-gradient":""},"tablet":{"background-color":"var(--ast-global-color-5)","background-image":"","background-repeat":"repeat","background-position":"center center","background-size":"auto","background-attachment":"scroll","background-type":"","background-media":"","overlay-type":"","overlay-color":"","overlay-opacity":"","overlay-gradient":""},"mobile":{"background-color":"var(--ast-global-color-5)","background-image":"","background-repeat":"repeat","background-position":"center center","background-size":"auto","background-attachment":"scroll","background-type":"","background-media":"","overlay-type":"","overlay-color":"","overlay-opacity":"","overlay-gradient":""}},"footnotes":""},"class_list":["post-3182","page","type-page","status-publish","hentry"],"uagb_featured_image_src":{"full":false,"thumbnail":false,"medium":false,"medium_large":false,"large":false,"1536x1536":false,"2048x2048":false},"uagb_author_info":{"display_name":"livaTeradm99","author_link":"https:\/\/terralivha.pt\/fr\/author\/livateradm99\/"},"uagb_comment_info":0,"uagb_excerpt":"Appel aux dons de mat\u00e9riel Bienvenue sur la page d&rsquo;appel aux dons de mat\u00e9riel pour le chantier de r\u00e9novation de la toiture. Vous trouverez ci-dessous sur cette page la liste compl\u00e8te du mat\u00e9riel recherch\u00e9, ainsi que le formulaire que vous pouvez remplir pour proposer un don de mat\u00e9riel. Nous vous remercions de tout coeur pour\u2026","_links":{"self":[{"href":"https:\/\/terralivha.pt\/fr\/wp-json\/wp\/v2\/pages\/3182","targetHints":{"allow":["GET"]}}],"collection":[{"href":"https:\/\/terralivha.pt\/fr\/wp-json\/wp\/v2\/pages"}],"about":[{"href":"https:\/\/terralivha.pt\/fr\/wp-json\/wp\/v2\/types\/page"}],"author":[{"embeddable":true,"href":"https:\/\/terralivha.pt\/fr\/wp-json\/wp\/v2\/users\/1"}],"replies":[{"embeddable":true,"href":"https:\/\/terralivha.pt\/fr\/wp-json\/wp\/v2\/comments?post=3182"}],"version-history":[{"count":21,"href":"https:\/\/terralivha.pt\/fr\/wp-json\/wp\/v2\/pages\/3182\/revisions"}],"predecessor-version":[{"id":3368,"href":"https:\/\/terralivha.pt\/fr\/wp-json\/wp\/v2\/pages\/3182\/revisions\/3368"}],"wp:attachment":[{"href":"https:\/\/terralivha.pt\/fr\/wp-json\/wp\/v2\/media?parent=3182"}],"curies":[{"name":"wp","href":"https:\/\/api.w.org\/{rel}","templated":true}]}}