{"id":3313,"date":"2025-06-18T08:17:53","date_gmt":"2025-06-18T08:17:53","guid":{"rendered":"https:\/\/terralivha.pt\/construire-ensemble-avec-la-terre\/"},"modified":"2025-08-08T08:04:38","modified_gmt":"2025-08-08T08:04:38","slug":"taipa","status":"publish","type":"page","link":"https:\/\/terralivha.pt\/fr\/taipa\/","title":{"rendered":"Construire ensemble avec la terre"},"content":{"rendered":"\n<div class=\"wp-block-uagb-container uagb-block-8de9c239 alignfull uagb-is-root-container\"><div class=\"uagb-container-inner-blocks-wrap\">\n<div class=\"wp-block-uagb-advanced-heading uagb-block-99148d6e\"><h1 class=\"uagb-heading-text\">Construire ensemble avec la terre <\/h1><\/div>\n\n\n\n<p><\/p>\n<\/div><\/div>\n\n\n\n<div class=\"wp-block-uagb-container uagb-block-72b3d163 alignfull uagb-is-root-container\"><div class=\"uagb-container-inner-blocks-wrap\">\n<p class=\"has-text-align-center\" style=\"margin-bottom:var(--wp--preset--spacing--20);font-size:32px;line-height:1.3\"><strong>Chantier participatif <\/strong><\/p>\n\n\n\n<p class=\"has-text-align-center\" style=\"margin-top:0;margin-bottom:var(--wp--preset--spacing--60);padding-top:0;padding-right:0;padding-bottom:0;padding-left:0;font-size:30px;line-height:1.3\"><strong>&#8211; 13 au 30 ao\u00fbt 2025<\/strong> &#8211;<\/p>\n\n\n\n<p class=\"has-text-align-center has-ast-global-color-1-color has-text-color has-link-color wp-elements-7e62f142f77ae05feb519a4b55d4a3da\"><em>Voir cette page <a href=\"https:\/\/terralivha.pt\/fr\/taipa\/\" data-type=\"link\" data-id=\"https:\/\/terralivha.pt\/fr\/taipa\/\"><strong>en fran\u00e7ais<\/strong><\/a> | ver esta p\u00e1gina<\/em> <em><a href=\"https:\/\/terralivha.pt\/fr\/taipa\/\"><strong>em portugu\u00eas<\/strong><\/a><\/em><\/p>\n\n\n\n<p>Nous sommes ravis d&rsquo;annoncer l&rsquo;ouverture d&rsquo;un chantier participatif en pis\u00e9 (taipa) en ao\u00fbt prochain !<\/p>\n\n\n\n<p>Notre projet appel\u00e9 \u00ab Terra Livha \u00bb est situ\u00e9 pr\u00e8s de Garvao, dans la magnifique r\u00e9gion du Sud de l&rsquo;Alentejo, au Portugal. Terra Livha est un projet collectif d&rsquo;\u00e9covillage qui commence \u00e0 prendre forme ici au Portugal. Vous pouvez <a href=\"https:\/\/terralivha.pt\/fr\" target=\"_blank\" rel=\"noreferrer noopener\"><strong>en d\u00e9couvrir plus \u00e0 propos du projet Terra Livha en cliquant ici<\/strong><\/a>.  <\/p>\n\n\n\n<p style=\"margin-bottom:var(--wp--preset--spacing--50)\">Ce projet de construction consiste \u00e0 <strong> restaurer les murs en pis\u00e9<\/strong> (taipa) d&rsquo;une ancienne ferme d&rsquo;environ 300 m\u00b2, selon des m\u00e9thodes traditionnelles. En effet, le toit du b\u00e2timent \u00e9tant en tr\u00e8s mauvais \u00e9tat, <strong>une intervention urgente est n\u00e9cessaire pour traiter la partie sup\u00e9rieure des murs en pis\u00e9<\/strong>, afin de pr\u00e9parer l&rsquo;installation d&rsquo;un nouveau toit dans le courant de l&rsquo;ann\u00e9e. L&rsquo;ancienne toiture sera pr\u00e9alablement d\u00e9mont\u00e9e, afin que les travaux puissent se concentrer enti\u00e8rement sur la r\u00e9paration de la partie sup\u00e9rieure de ces murs, ainsi que sur d&rsquo;\u00e9ventuelles r\u00e9parations suppl\u00e9mentaires des murs en pis\u00e9.   <\/p>\n\n\n\n<p><em>Les travaux seront dirig\u00e9s par Miguel Ferreira Mendes et son \u00e9quipe de sp\u00e9cialistes en Taipa. Miguel est architecte et expert en construction en terre, membre de l&rsquo;\u00e9quipe \u00ab CRAterre \u00bb et formateur renomm\u00e9 dans le domaine de la construction en terre. <\/em><\/p>\n\n\n\n<p style=\"margin-top:var(--wp--preset--spacing--50)\">Il s&rsquo;agit d&rsquo;une occasion unique d&rsquo;apprendre et de pratiquer la construction et la restauration en pis\u00e9, sous la supervision et aux c\u00f4t\u00e9s d&rsquo;instructeurs et de sp\u00e9cialistes exp\u00e9riment\u00e9s <\/p>\n\n\n\n<p>L&rsquo;esprit de ce projet de construction est ouvert, avec des valeurs de partage des connaissances et des meilleures pratiques avec les participants, afin que chacun puisse apprendre efficacement par la pratique. <\/p>\n\n\n\n<p class=\"has-medium-font-size\" style=\"margin-top:var(--wp--preset--spacing--60)\"><strong>Programme<\/strong><\/p>\n\n\n\n<ul class=\"wp-block-list\">\n<li>Du lundi au samedi, jour de repos le dimanche<\/li>\n<\/ul>\n\n\n\n<ul class=\"wp-block-list\">\n<li>Travail de 7 h \u00e0 12 h, puis de 17 h \u00e0 19 h (pour \u00e9viter les heures les plus chaudes).<\/li>\n\n\n\n<li>Vous pouvez participer pendant toute la p\u00e9riode (du 13 au 30 ao\u00fbt) ou pour une p\u00e9riode plus courte, en fonction de vos disponibilit\u00e9s.<\/li>\n<\/ul>\n\n\n\n<p class=\"has-medium-font-size\" style=\"margin-top:var(--wp--preset--spacing--60)\"><strong>Logistique et r\u00e9mun\u00e9ration \u20ac <\/strong><\/p>\n\n\n\n<ul class=\"wp-block-list\">\n<li><strong>H\u00e9bergement<\/strong> : Inclus dans notre camping. Vous aurez acc\u00e8s \u00e0 l&rsquo;eau, aux toilettes et aux douches. Vous pouvez apporter votre propre tente ou votre propre camping-car, ou nous pouvons vous fournir une tente.  <\/li>\n<\/ul>\n\n\n\n<ul class=\"wp-block-list\">\n<li><strong>Repas<\/strong>: Tout compris (3 repas par jour + une collation et des boissons)<\/li>\n<\/ul>\n\n\n\n<ul class=\"wp-block-list\">\n<li>Une <strong>compensation financi\u00e8re journali\u00e8re<\/strong> est possible (entre 30 \u20ac et 40 \u20ac par jour en fonction de diff\u00e9rents facteurs).<\/li>\n<\/ul>\n<\/div><\/div>\n\n\n\n<div class=\"wp-block-uagb-container uagb-block-cba10ab7 alignfull uagb-is-root-container\"><div class=\"uagb-container-inner-blocks-wrap\">\n<div class=\"wp-block-uagb-container uagb-block-4ac748f7\">\n<p class=\"has-text-align-center has-large-font-size\" style=\"margin-top:var(--wp--preset--spacing--60)\">\ud83d\udccb<strong>Inscriptions closes <\/strong><\/p>\n\n\n\n<p class=\"has-text-align-center\"><strong>Merci beaucoup pour toutes vos candidatures enthousiastes ! Toutes les places ont \u00e9t\u00e9 attribu\u00e9es. Si vous souhaitez participer \u00e0 une prochaine session, vous pouvez nous envoyer un message via notre <a href=\"https:\/\/terralivha.pt\/fr\/contact\/\" data-type=\"link\" data-id=\"https:\/\/terralivha.pt\/fr\/contact\/\">page de contact<\/a>.<\/strong><\/p>\n<\/div>\n<\/div><\/div>\n","protected":false},"excerpt":{"rendered":"<p>Construire ensemble avec la terre Chantier participatif &#8211; 13 au 30 ao\u00fbt 2025 &#8211; Voir cette page en fran\u00e7ais | ver esta p\u00e1gina em portugu\u00eas Nous sommes ravis d&rsquo;annoncer l&rsquo;ouverture d&rsquo;un chantier participatif en pis\u00e9 (taipa) en ao\u00fbt prochain ! Notre projet appel\u00e9 \u00ab Terra Livha \u00bb est situ\u00e9 pr\u00e8s de Garvao, dans la magnifique [&hellip;]<\/p>\n","protected":false},"author":1,"featured_media":0,"parent":0,"menu_order":0,"comment_status":"closed","ping_status":"closed","template":"","meta":{"_uag_custom_page_level_css":"","site-sidebar-layout":"default","site-content-layout":"","ast-site-content-layout":"default","site-content-style":"default","site-sidebar-style":"default","ast-global-header-display":"","ast-banner-title-visibility":"","ast-main-header-display":"","ast-hfb-above-header-display":"","ast-hfb-below-header-display":"","ast-hfb-mobile-header-display":"","site-post-title":"disabled","ast-breadcrumbs-content":"","ast-featured-img":"","footer-sml-layout":"","ast-disable-related-posts":"","theme-transparent-header-meta":"","adv-header-id-meta":"","stick-header-meta":"","header-above-stick-meta":"","header-main-stick-meta":"","header-below-stick-meta":"","astra-migrate-meta-layouts":"set","ast-page-background-enabled":"default","ast-page-background-meta":{"desktop":{"background-color":"var(--ast-global-color-4)","background-image":"","background-repeat":"repeat","background-position":"center center","background-size":"auto","background-attachment":"scroll","background-type":"","background-media":"","overlay-type":"","overlay-color":"","overlay-opacity":"","overlay-gradient":""},"tablet":{"background-color":"","background-image":"","background-repeat":"repeat","background-position":"center center","background-size":"auto","background-attachment":"scroll","background-type":"","background-media":"","overlay-type":"","overlay-color":"","overlay-opacity":"","overlay-gradient":""},"mobile":{"background-color":"","background-image":"","background-repeat":"repeat","background-position":"center center","background-size":"auto","background-attachment":"scroll","background-type":"","background-media":"","overlay-type":"","overlay-color":"","overlay-opacity":"","overlay-gradient":""}},"ast-content-background-meta":{"desktop":{"background-color":"var(--ast-global-color-5)","background-image":"","background-repeat":"repeat","background-position":"center center","background-size":"auto","background-attachment":"scroll","background-type":"","background-media":"","overlay-type":"","overlay-color":"","overlay-opacity":"","overlay-gradient":""},"tablet":{"background-color":"var(--ast-global-color-5)","background-image":"","background-repeat":"repeat","background-position":"center center","background-size":"auto","background-attachment":"scroll","background-type":"","background-media":"","overlay-type":"","overlay-color":"","overlay-opacity":"","overlay-gradient":""},"mobile":{"background-color":"var(--ast-global-color-5)","background-image":"","background-repeat":"repeat","background-position":"center center","background-size":"auto","background-attachment":"scroll","background-type":"","background-media":"","overlay-type":"","overlay-color":"","overlay-opacity":"","overlay-gradient":""}},"footnotes":""},"class_list":["post-3313","page","type-page","status-publish","hentry"],"uagb_featured_image_src":{"full":false,"thumbnail":false,"medium":false,"medium_large":false,"large":false,"1536x1536":false,"2048x2048":false},"uagb_author_info":{"display_name":"livaTeradm99","author_link":"https:\/\/terralivha.pt\/fr\/author\/livateradm99\/"},"uagb_comment_info":0,"uagb_excerpt":"Construire ensemble avec la terre Chantier participatif &#8211; 13 au 30 ao\u00fbt 2025 &#8211; Voir cette page en fran\u00e7ais | ver esta p\u00e1gina em portugu\u00eas Nous sommes ravis d&rsquo;annoncer l&rsquo;ouverture d&rsquo;un chantier participatif en pis\u00e9 (taipa) en ao\u00fbt prochain ! Notre projet appel\u00e9 \u00ab Terra Livha \u00bb est situ\u00e9 pr\u00e8s de Garvao, dans la magnifique\u2026","_links":{"self":[{"href":"https:\/\/terralivha.pt\/fr\/wp-json\/wp\/v2\/pages\/3313","targetHints":{"allow":["GET"]}}],"collection":[{"href":"https:\/\/terralivha.pt\/fr\/wp-json\/wp\/v2\/pages"}],"about":[{"href":"https:\/\/terralivha.pt\/fr\/wp-json\/wp\/v2\/types\/page"}],"author":[{"embeddable":true,"href":"https:\/\/terralivha.pt\/fr\/wp-json\/wp\/v2\/users\/1"}],"replies":[{"embeddable":true,"href":"https:\/\/terralivha.pt\/fr\/wp-json\/wp\/v2\/comments?post=3313"}],"version-history":[{"count":6,"href":"https:\/\/terralivha.pt\/fr\/wp-json\/wp\/v2\/pages\/3313\/revisions"}],"predecessor-version":[{"id":3575,"href":"https:\/\/terralivha.pt\/fr\/wp-json\/wp\/v2\/pages\/3313\/revisions\/3575"}],"wp:attachment":[{"href":"https:\/\/terralivha.pt\/fr\/wp-json\/wp\/v2\/media?parent=3313"}],"curies":[{"name":"wp","href":"https:\/\/api.w.org\/{rel}","templated":true}]}}