{"id":3594,"date":"2025-11-24T14:59:41","date_gmt":"2025-11-24T14:59:41","guid":{"rendered":"https:\/\/terralivha.pt\/?page_id=3594"},"modified":"2025-11-24T15:02:04","modified_gmt":"2025-11-24T15:02:04","slug":"inscription-newsletter-boutique","status":"publish","type":"page","link":"https:\/\/terralivha.pt\/fr\/inscription-newsletter-boutique\/","title":{"rendered":"Inscription confirm\u00e9e \u00e0 la newsletter de la boutique"},"content":{"rendered":"\n<div class=\"wp-block-uagb-container uagb-block-8de9c239 alignfull uagb-is-root-container\"><div class=\"uagb-container-inner-blocks-wrap\">\n<div class=\"wp-block-uagb-advanced-heading uagb-block-99148d6e\"><h1 class=\"uagb-heading-text\">Inscription confirm\u00e9e<\/h1><\/div>\n<\/div><\/div>\n\n\n\n<h2 class=\"wp-block-heading has-text-align-center has-medium-font-size\">Ton inscription est enregistr\u00e9e. Tu seras pr\u00e9venu-e d\u00e8s que les huiles essentielles et hydrolats seront propos\u00e9s \u00e0 la vente \ud83d\ude0a\ud83c\udf89<\/h2>\n\n\n\n<p class=\"has-text-align-left has-medium-font-size\">Elles seront disponibles dans les temps pour \u00eatre exp\u00e9di\u00e9es avant No\u00ebl, \u00e7a peut  donc \u00eatre une jolie id\u00e9e de cadeau \ud83d\ude09<\/p>\n\n\n\n<p class=\"has-text-align-left has-medium-font-size\">Il y a aura des huiles essentielles et hydrolats dans diff\u00e9rents formats, et m\u00eame des coffrets.<\/p>\n\n\n\n<p><\/p>\n\n\n\n<p><\/p>\n\n\n\n<p><\/p>\n\n\n\n<p><\/p>\n\n\n\n<p><\/p>\n","protected":false},"excerpt":{"rendered":"<p>Inscription confirm\u00e9e Ton inscription est enregistr\u00e9e. Tu seras pr\u00e9venu-e d\u00e8s que les huiles essentielles et hydrolats seront propos\u00e9s \u00e0 la vente \ud83d\ude0a\ud83c\udf89 Elles seront disponibles dans les temps pour \u00eatre exp\u00e9di\u00e9es avant No\u00ebl, \u00e7a peut donc \u00eatre une jolie id\u00e9e de cadeau \ud83d\ude09 Il y a aura des huiles essentielles et hydrolats dans diff\u00e9rents formats, [&hellip;]<\/p>\n","protected":false},"author":1,"featured_media":0,"parent":0,"menu_order":0,"comment_status":"closed","ping_status":"closed","template":"","meta":{"_uag_custom_page_level_css":"","site-sidebar-layout":"default","site-content-layout":"","ast-site-content-layout":"default","site-content-style":"default","site-sidebar-style":"default","ast-global-header-display":"","ast-banner-title-visibility":"","ast-main-header-display":"","ast-hfb-above-header-display":"","ast-hfb-below-header-display":"","ast-hfb-mobile-header-display":"","site-post-title":"disabled","ast-breadcrumbs-content":"","ast-featured-img":"","footer-sml-layout":"","ast-disable-related-posts":"","theme-transparent-header-meta":"","adv-header-id-meta":"","stick-header-meta":"","header-above-stick-meta":"","header-main-stick-meta":"","header-below-stick-meta":"","astra-migrate-meta-layouts":"set","ast-page-background-enabled":"default","ast-page-background-meta":{"desktop":{"background-color":"var(--ast-global-color-4)","background-image":"","background-repeat":"repeat","background-position":"center center","background-size":"auto","background-attachment":"scroll","background-type":"","background-media":"","overlay-type":"","overlay-color":"","overlay-opacity":"","overlay-gradient":""},"tablet":{"background-color":"","background-image":"","background-repeat":"repeat","background-position":"center center","background-size":"auto","background-attachment":"scroll","background-type":"","background-media":"","overlay-type":"","overlay-color":"","overlay-opacity":"","overlay-gradient":""},"mobile":{"background-color":"","background-image":"","background-repeat":"repeat","background-position":"center center","background-size":"auto","background-attachment":"scroll","background-type":"","background-media":"","overlay-type":"","overlay-color":"","overlay-opacity":"","overlay-gradient":""}},"ast-content-background-meta":{"desktop":{"background-color":"var(--ast-global-color-5)","background-image":"","background-repeat":"repeat","background-position":"center center","background-size":"auto","background-attachment":"scroll","background-type":"","background-media":"","overlay-type":"","overlay-color":"","overlay-opacity":"","overlay-gradient":""},"tablet":{"background-color":"var(--ast-global-color-5)","background-image":"","background-repeat":"repeat","background-position":"center center","background-size":"auto","background-attachment":"scroll","background-type":"","background-media":"","overlay-type":"","overlay-color":"","overlay-opacity":"","overlay-gradient":""},"mobile":{"background-color":"var(--ast-global-color-5)","background-image":"","background-repeat":"repeat","background-position":"center center","background-size":"auto","background-attachment":"scroll","background-type":"","background-media":"","overlay-type":"","overlay-color":"","overlay-opacity":"","overlay-gradient":""}},"footnotes":""},"class_list":["post-3594","page","type-page","status-publish","hentry"],"uagb_featured_image_src":{"full":false,"thumbnail":false,"medium":false,"medium_large":false,"large":false,"1536x1536":false,"2048x2048":false},"uagb_author_info":{"display_name":"livaTeradm99","author_link":"https:\/\/terralivha.pt\/fr\/author\/livateradm99\/"},"uagb_comment_info":0,"uagb_excerpt":"Inscription confirm\u00e9e Ton inscription est enregistr\u00e9e. Tu seras pr\u00e9venu-e d\u00e8s que les huiles essentielles et hydrolats seront propos\u00e9s \u00e0 la vente \ud83d\ude0a\ud83c\udf89 Elles seront disponibles dans les temps pour \u00eatre exp\u00e9di\u00e9es avant No\u00ebl, \u00e7a peut donc \u00eatre une jolie id\u00e9e de cadeau \ud83d\ude09 Il y a aura des huiles essentielles et hydrolats dans diff\u00e9rents formats,\u2026","_links":{"self":[{"href":"https:\/\/terralivha.pt\/fr\/wp-json\/wp\/v2\/pages\/3594","targetHints":{"allow":["GET"]}}],"collection":[{"href":"https:\/\/terralivha.pt\/fr\/wp-json\/wp\/v2\/pages"}],"about":[{"href":"https:\/\/terralivha.pt\/fr\/wp-json\/wp\/v2\/types\/page"}],"author":[{"embeddable":true,"href":"https:\/\/terralivha.pt\/fr\/wp-json\/wp\/v2\/users\/1"}],"replies":[{"embeddable":true,"href":"https:\/\/terralivha.pt\/fr\/wp-json\/wp\/v2\/comments?post=3594"}],"version-history":[{"count":4,"href":"https:\/\/terralivha.pt\/fr\/wp-json\/wp\/v2\/pages\/3594\/revisions"}],"predecessor-version":[{"id":3598,"href":"https:\/\/terralivha.pt\/fr\/wp-json\/wp\/v2\/pages\/3594\/revisions\/3598"}],"wp:attachment":[{"href":"https:\/\/terralivha.pt\/fr\/wp-json\/wp\/v2\/media?parent=3594"}],"curies":[{"name":"wp","href":"https:\/\/api.w.org\/{rel}","templated":true}]}}