{"id":78,"date":"2022-10-17T07:03:13","date_gmt":"2022-10-17T07:03:13","guid":{"rendered":"https:\/\/terralivha.pt\/?page_id=78"},"modified":"2024-01-20T16:25:05","modified_gmt":"2024-01-20T16:25:05","slug":"accueil","status":"publish","type":"page","link":"https:\/\/terralivha.pt\/fr\/","title":{"rendered":"Accueil"},"content":{"rendered":"\n<div class=\"wp-block-uagb-container uagb-block-597c3f26 alignfull uagb-is-root-container\"><div class=\"uagb-container__video-wrap\"><video autoplay loop muted playsinline><source src=\"https:\/\/terralivha.pt\/wp-content\/uploads\/2023\/09\/2-extraitdrone-1080p-TEST-VIDE-ENTETE-plus-lngue.mp4\" type=\"video\/mp4\"\/><\/video><\/div>\n<div class=\"wp-block-uagb-advanced-heading uagb-block-48feaf01\"><h1 class=\"uagb-heading-text\">Terra LivhA\u200b<\/h1><\/div>\n\n\n\n<div class=\"wp-block-uagb-info-box uagb-block-0a04dde5 uagb-infobox__content-wrap  uagb-infobox-icon-above-title uagb-infobox-image-valign-top\"><div class=\"uagb-ifb-content\"><div class=\"uagb-ifb-title-wrap\"><h2 class=\"uagb-ifb-title\"> Un \u00e9co-lieu situ\u00e9 dans le sud du Portugal<\/h2><\/div><div class=\"uagb-ifb-button-wrapper wp-block-button\"><a href=\"https:\/\/terralivha.pt\/fr\/album\/\" class=\"uagb-infobox-cta-link wp-block-button__link\" target=\"_self\" rel=\"noopener noreferrer\" onclick=\"return true;\" alt=\"\"><span class=\"uagb-inline-editing\">EXPLORER<\/span><\/a><\/div><\/div><\/div>\n<\/div>\n\n\n\n<div class=\"wp-block-uagb-container uagb-block-7b054d8e alignfull uagb-is-root-container\"><div class=\"uagb-container-inner-blocks-wrap\">\n<div class=\"wp-block-uagb-container uagb-block-d5c6c3b5\">\n<div class=\"wp-block-uagb-info-box uagb-block-8d4266d1 uagb-infobox__content-wrap  uagb-infobox_cta-type-all uagb-infobox-icon-above-title uagb-infobox-image-valign-top\"><a href=\"https:\/\/terralivha.pt\/fr\/vision-et-histoire-du-projet\/\" class=\"uagb-infobox-link-wrap uagb-infbox__link-to-all\" target=\"_self\" aria-label=\"Infobox Link\" rel=\"noopener noreferrer\" onclick=\"return true;\"><\/a><div class=\"uagb-ifb-content\"><div class=\"uagb-ifb-image-content\"><img decoding=\"async\" src=\"https:\/\/terralivha.pt\/wp-content\/uploads\/2024\/01\/photo-quentin.jpg\" alt=\"\" width=\"100\" height=\"69\" loading=\"lazy\"\/><\/div><div class=\"uagb-ifb-title-wrap\"><h4 class=\"uagb-ifb-title\">Origine et \u00e9volution du projet<\/h4><\/div><p class=\"uagb-ifb-desc\">Terra Livha est n\u00e9e de la vision d&rsquo;une Terre o\u00f9 chacun peut vivre heureux, en conscience et en harmonie ensemble et avec la nature.<br><strong>Lire la suite \u279c<\/strong><\/p><div class=\"uagb-ifb-button-wrapper wp-block-button\"><\/div><\/div><\/div>\n<\/div>\n\n\n\n<div class=\"wp-block-uagb-container uagb-block-93d09dff\">\n<div class=\"wp-block-uagb-info-box uagb-block-26a5dabe uagb-infobox__content-wrap  uagb-infobox_cta-type-all uagb-infobox-icon-above-title uagb-infobox-image-valign-top\"><a href=\"https:\/\/terralivha.pt\/fr\/album\/\" class=\"uagb-infobox-link-wrap uagb-infbox__link-to-all\" target=\"_self\" aria-label=\"Infobox Link\" rel=\"noopener noreferrer\" onclick=\"return true;\"><\/a><div class=\"uagb-ifb-content\"><div class=\"uagb-ifb-image-content\"><img decoding=\"async\" src=\"https:\/\/terralivha.pt\/wp-content\/uploads\/2023\/12\/IMG-20221128-WA0045.jpg\" alt=\"\" width=\"100\" height=\"75\" loading=\"lazy\"\/><\/div><div class=\"uagb-ifb-title-wrap\"><h4 class=\"uagb-ifb-title\">En images<\/h4><\/div><p class=\"uagb-ifb-desc\">Venez d\u00e9couvrir une s\u00e9lection de vid\u00e9os et de photos de la communaut\u00e9 et de ce lieu magique. Vous pouvez y ressentir la paix et l\u2019harmonie qui s\u2019en d\u00e9gage et qui touche et ressource les \u00eatres qui l\u2019explorent.<br><strong>Lire la suite \u279c<\/strong><\/p><div class=\"uagb-ifb-button-wrapper wp-block-button\"><\/div><\/div><\/div>\n<\/div>\n\n\n\n<div class=\"wp-block-uagb-container uagb-block-d0de5011\">\n<div class=\"wp-block-uagb-info-box uagb-block-d9f7b5eb uagb-infobox__content-wrap  uagb-infobox_cta-type-all uagb-infobox-icon-above-title uagb-infobox-image-valign-top\"><a href=\"https:\/\/terralivha.pt\/fr\/equipe\/\" class=\"uagb-infobox-link-wrap uagb-infbox__link-to-all\" target=\"_self\" aria-label=\"Infobox Link\" rel=\"noopener noreferrer\" onclick=\"return true;\"><\/a><div class=\"uagb-ifb-content\"><div class=\"uagb-ifb-image-content\"><img decoding=\"async\" src=\"https:\/\/terralivha.pt\/wp-content\/uploads\/2023\/12\/equipe-arbre-vert-Copie.png\" alt=\"\" width=\"100\" height=\"73\" loading=\"lazy\"\/><\/div><div class=\"uagb-ifb-title-wrap\"><h4 class=\"uagb-ifb-title\">L&rsquo;\u00e9quipe<\/h4><\/div><p class=\"uagb-ifb-desc\">Pr\u00e9sentation des fondateurs, de la communaut\u00e9 grandissante et des partenaires qui ensemble collaborent avec c\u0153ur, patience et dont leur engagement permet de d\u00e9velopper et de soutenir Terra Livha.<br><strong>Lire la suite \u279c<\/strong><\/p><div class=\"uagb-ifb-button-wrapper wp-block-button\"><\/div><\/div><\/div>\n<\/div>\n<\/div><\/div>\n\n\n\n<div class=\"wp-block-uagb-container uagb-block-57e8155a alignfull uagb-is-root-container\"><div class=\"uagb-container-inner-blocks-wrap\"><div class='_form_19'><\/div><script type='text\/javascript' src='https:\/\/livha.activehosted.com\/f\/embed.php?static=0&id=19&69F218C74CBC2&nostyles=0&preview=0'><\/script>\n<\/div><\/div>\n\n\n\n<div class=\"wp-block-uagb-advanced-heading uagb-block-76105321\"><h2 class=\"uagb-heading-text\">Les derni\u00e8res nouvelles<\/h2><\/div>\n\n\n\n<div class=\"wp-block-uagb-container uagb-block-a54e2958 alignfull uagb-is-root-container\"><div class=\"uagb-container-inner-blocks-wrap\">\n\t\t\t<div class=\"wp-block-uagb-post-grid uagb-post-grid  uagb-post__image-position-top uagb-post__image-enabled uagb-block-7fb0c3ac     uagb-post__items uagb-post__columns-3 is-grid uagb-post__columns-tablet-2 uagb-post__columns-mobile-1 uagb-post__equal-height\" data-total=\"3\" style=\"\">\n\n\t\t\t\t\t\t\t\t\t\t\t\t<article class=\"uagb-post__inner-wrap\">\t\t\t\t\t\t\t\t<div class='uagb-post__image'>\n\t\t\t\t\t\t\t\t\t<a href=\"https:\/\/terralivha.pt\/fr\/au-coeur-de-notre-premiere-production-dhuiles-essentielles\/\" target=\"_self\" rel=\"bookmark noopener noreferrer\" class='uagb-image-ratio-inherit'><img loading=\"lazy\" decoding=\"async\" width=\"960\" height=\"983\" src=\"https:\/\/terralivha.pt\/wp-content\/uploads\/2025\/07\/ALAMBIC-C.ET_.T.jpeg\" class=\"attachment-large size-large\" alt=\"\" srcset=\"https:\/\/terralivha.pt\/wp-content\/uploads\/2025\/07\/ALAMBIC-C.ET_.T.jpeg 960w, https:\/\/terralivha.pt\/wp-content\/uploads\/2025\/07\/ALAMBIC-C.ET_.T-293x300.jpeg 293w, https:\/\/terralivha.pt\/wp-content\/uploads\/2025\/07\/ALAMBIC-C.ET_.T-768x786.jpeg 768w\" sizes=\"auto, (max-width: 960px) 100vw, 960px\" \/>\t\t\t\t\t<\/a>\n\t\t\t\t\t\t\t<\/div>\n\t\t\t\t\t\t<h4 class=\"uagb-post__title uagb-post__text\">\n\t\t\t\t<a href=\"https:\/\/terralivha.pt\/fr\/au-coeur-de-notre-premiere-production-dhuiles-essentielles\/\" target=\"_self\" rel=\"bookmark noopener noreferrer\">Au c\u0153ur de notre premi\u00e8re production d&rsquo;huiles essentielles ! \ud83c\udf3f\ud83c\udf3c\u00a0<\/a>\n\t\t\t<\/h4>\n\t\t\t\t\t\t<div class='uagb-post__text uagb-post-grid-byline'>\n\t\t\t\t\t\t\t\t<time datetime=\"2025-07-26T14:12:52+00:00\" class=\"uagb-post__date\">\n\t\t\t\t<span class=\"dashicons-calendar dashicons\"><\/span>\t\t\t\t\t26 juillet 2025\t\t\t\t<\/time>\n\t\t\t\t\t\t\t<span class=\"uagb-post__comment\">\n\t\t\t\t<span class=\"dashicons-admin-comments dashicons\"><\/span>\t\t\t\t\t9 commentaires\t\t\t\t<\/span>\n\t\t\t\t\t\t<\/div>\n\t\t\t\t\t\t\t<div class='uagb-post__text uagb-post__excerpt'>\n\t\t\t\t\t<p>Bonjour \u00e0 toutes et \u00e0 tous, C\u2019est avec enthousiasme que nous souhaitons partager les temps&#8230;\t\t\t\t<\/div>\n\t\t\t\t\t\t<div class=\"uagb-post__text uagb-post__cta wp-block-button\">\n\t\t\t\t<a class=\"wp-block-button__link uagb-text-link\" style=\"\" href=\"https:\/\/terralivha.pt\/fr\/au-coeur-de-notre-premiere-production-dhuiles-essentielles\/\" target=\"_self\" rel=\"bookmark noopener noreferrer\">Lire l&rsquo;article<\/a>\n\t\t\t<\/div>\n\t\t\t\n\t\t\t\t\t\t\t\t\t<\/article>\n\t\t\t\t\t\t\t\t\t\t\t\t\t\t\t\t<article class=\"uagb-post__inner-wrap\">\t\t\t\t\t\t\t\t<div class='uagb-post__image'>\n\t\t\t\t\t\t\t\t\t<a href=\"https:\/\/terralivha.pt\/fr\/reportage-sur-les-nouvelles-plantations-%f0%9f%8c%b1%f0%9f%8c%b2\/\" target=\"_self\" rel=\"bookmark noopener noreferrer\" class='uagb-image-ratio-inherit'><img loading=\"lazy\" decoding=\"async\" width=\"1024\" height=\"859\" src=\"https:\/\/terralivha.pt\/wp-content\/uploads\/2024\/12\/entete-article-Copie-1024x859.jpg\" class=\"attachment-large size-large\" alt=\"\" srcset=\"https:\/\/terralivha.pt\/wp-content\/uploads\/2024\/12\/entete-article-Copie-1024x859.jpg 1024w, https:\/\/terralivha.pt\/wp-content\/uploads\/2024\/12\/entete-article-Copie-300x252.jpg 300w, https:\/\/terralivha.pt\/wp-content\/uploads\/2024\/12\/entete-article-Copie-768x644.jpg 768w, https:\/\/terralivha.pt\/wp-content\/uploads\/2024\/12\/entete-article-Copie-1536x1288.jpg 1536w, https:\/\/terralivha.pt\/wp-content\/uploads\/2024\/12\/entete-article-Copie-2048x1717.jpg 2048w\" sizes=\"auto, (max-width: 1024px) 100vw, 1024px\" \/>\t\t\t\t\t<\/a>\n\t\t\t\t\t\t\t<\/div>\n\t\t\t\t\t\t<h4 class=\"uagb-post__title uagb-post__text\">\n\t\t\t\t<a href=\"https:\/\/terralivha.pt\/fr\/reportage-sur-les-nouvelles-plantations-%f0%9f%8c%b1%f0%9f%8c%b2\/\" target=\"_self\" rel=\"bookmark noopener noreferrer\">Reportage Photo sur les nouvelles plantations ! \ud83c\udf31\ud83c\udf32 (+ de 1000 arbres et arbustes)<\/a>\n\t\t\t<\/h4>\n\t\t\t\t\t\t<div class='uagb-post__text uagb-post-grid-byline'>\n\t\t\t\t\t\t\t\t<time datetime=\"2024-12-30T13:55:28+00:00\" class=\"uagb-post__date\">\n\t\t\t\t<span class=\"dashicons-calendar dashicons\"><\/span>\t\t\t\t\t30 d\u00e9cembre 2024\t\t\t\t<\/time>\n\t\t\t\t\t\t\t<span class=\"uagb-post__comment\">\n\t\t\t\t<span class=\"dashicons-admin-comments dashicons\"><\/span>\t\t\t\t\t4 commentaires\t\t\t\t<\/span>\n\t\t\t\t\t\t<\/div>\n\t\t\t\t\t\t\t<div class='uagb-post__text uagb-post__excerpt'>\n\t\t\t\t\t<p>Bonjour \u00e0 tous, Nous sommes tr\u00e8s heureux de vous partager aujourd\u2019hui un reportage photo des&#8230;\t\t\t\t<\/div>\n\t\t\t\t\t\t<div class=\"uagb-post__text uagb-post__cta wp-block-button\">\n\t\t\t\t<a class=\"wp-block-button__link uagb-text-link\" style=\"\" href=\"https:\/\/terralivha.pt\/fr\/reportage-sur-les-nouvelles-plantations-%f0%9f%8c%b1%f0%9f%8c%b2\/\" target=\"_self\" rel=\"bookmark noopener noreferrer\">Lire l&rsquo;article<\/a>\n\t\t\t<\/div>\n\t\t\t\n\t\t\t\t\t\t\t\t\t<\/article>\n\t\t\t\t\t\t\t\t\t\t\t\t\t\t\t\t<article class=\"uagb-post__inner-wrap\">\t\t\t\t\t\t\t\t<div class='uagb-post__image'>\n\t\t\t\t\t\t\t\t\t<a href=\"https:\/\/terralivha.pt\/fr\/plantations-a-venir-nouvelles-a-propos-dun-incendie-et-protections-futures\/\" target=\"_self\" rel=\"bookmark noopener noreferrer\" class='uagb-image-ratio-inherit'><img loading=\"lazy\" decoding=\"async\" width=\"1024\" height=\"816\" src=\"https:\/\/terralivha.pt\/wp-content\/uploads\/2024\/12\/plan-plantations-2024-1024x816.png\" class=\"attachment-large size-large\" alt=\"\" srcset=\"https:\/\/terralivha.pt\/wp-content\/uploads\/2024\/12\/plan-plantations-2024-1024x816.png 1024w, https:\/\/terralivha.pt\/wp-content\/uploads\/2024\/12\/plan-plantations-2024-300x239.png 300w, https:\/\/terralivha.pt\/wp-content\/uploads\/2024\/12\/plan-plantations-2024-768x612.png 768w, https:\/\/terralivha.pt\/wp-content\/uploads\/2024\/12\/plan-plantations-2024.png 1140w\" sizes=\"auto, (max-width: 1024px) 100vw, 1024px\" \/>\t\t\t\t\t<\/a>\n\t\t\t\t\t\t\t<\/div>\n\t\t\t\t\t\t<h4 class=\"uagb-post__title uagb-post__text\">\n\t\t\t\t<a href=\"https:\/\/terralivha.pt\/fr\/plantations-a-venir-nouvelles-a-propos-dun-incendie-et-protections-futures\/\" target=\"_self\" rel=\"bookmark noopener noreferrer\">Plantations \u00e0 venir, nouvelles \u00e0 propos d\u2019un incendie et protections futures<\/a>\n\t\t\t<\/h4>\n\t\t\t\t\t\t<div class='uagb-post__text uagb-post-grid-byline'>\n\t\t\t\t\t\t\t\t<time datetime=\"2024-11-15T13:12:10+00:00\" class=\"uagb-post__date\">\n\t\t\t\t<span class=\"dashicons-calendar dashicons\"><\/span>\t\t\t\t\t15 novembre 2024\t\t\t\t<\/time>\n\t\t\t\t\t\t\t<span class=\"uagb-post__comment\">\n\t\t\t\t<span class=\"dashicons-admin-comments dashicons\"><\/span>\t\t\t\t\tAucun commentaire\t\t\t\t<\/span>\n\t\t\t\t\t\t<\/div>\n\t\t\t\t\t\t\t<div class='uagb-post__text uagb-post__excerpt'>\n\t\t\t\t\t<p>Bonjour \u00e0 tous&nbsp;! Nous vous partageons aujourd\u2019hui des nouvelles de Terra Livha. M\u00eame si les&#8230;\t\t\t\t<\/div>\n\t\t\t\t\t\t<div class=\"uagb-post__text uagb-post__cta wp-block-button\">\n\t\t\t\t<a class=\"wp-block-button__link uagb-text-link\" style=\"\" href=\"https:\/\/terralivha.pt\/fr\/plantations-a-venir-nouvelles-a-propos-dun-incendie-et-protections-futures\/\" target=\"_self\" rel=\"bookmark noopener noreferrer\">Lire l&rsquo;article<\/a>\n\t\t\t<\/div>\n\t\t\t\n\t\t\t\t\t\t\t\t\t<\/article>\n\t\t\t\t\t\t\t\t\t\t\t\t\t\t\t\t<article class=\"uagb-post__inner-wrap\">\t\t\t\t\t\t\t\t<div class='uagb-post__image'>\n\t\t\t\t\t\t\t\t\t<a href=\"https:\/\/terralivha.pt\/fr\/resultats-du-concours-dias-mais-sustentaveis-auquel-terra-livha-a-participe\/\" target=\"_self\" rel=\"bookmark noopener noreferrer\" class='uagb-image-ratio-inherit'><img loading=\"lazy\" decoding=\"async\" width=\"540\" height=\"411\" src=\"https:\/\/terralivha.pt\/wp-content\/uploads\/2024\/06\/Dias-Mais-Sustentaveis.png\" class=\"attachment-large size-large\" alt=\"\" srcset=\"https:\/\/terralivha.pt\/wp-content\/uploads\/2024\/06\/Dias-Mais-Sustentaveis.png 540w, https:\/\/terralivha.pt\/wp-content\/uploads\/2024\/06\/Dias-Mais-Sustentaveis-300x228.png 300w, https:\/\/terralivha.pt\/wp-content\/uploads\/2024\/06\/Dias-Mais-Sustentaveis-526x400.png 526w\" sizes=\"auto, (max-width: 540px) 100vw, 540px\" \/>\t\t\t\t\t<\/a>\n\t\t\t\t\t\t\t<\/div>\n\t\t\t\t\t\t<h4 class=\"uagb-post__title uagb-post__text\">\n\t\t\t\t<a href=\"https:\/\/terralivha.pt\/fr\/resultats-du-concours-dias-mais-sustentaveis-auquel-terra-livha-a-participe\/\" target=\"_self\" rel=\"bookmark noopener noreferrer\">R\u00e9sultats du concours \u00ab\u00a0Dia Mais Sustent\u00e1vel\u00a0\u00bb auquel Terra Livha a particip\u00e9<\/a>\n\t\t\t<\/h4>\n\t\t\t\t\t\t<div class='uagb-post__text uagb-post-grid-byline'>\n\t\t\t\t\t\t\t\t<time datetime=\"2024-06-19T14:20:14+00:00\" class=\"uagb-post__date\">\n\t\t\t\t<span class=\"dashicons-calendar dashicons\"><\/span>\t\t\t\t\t19 juin 2024\t\t\t\t<\/time>\n\t\t\t\t\t\t\t<span class=\"uagb-post__comment\">\n\t\t\t\t<span class=\"dashicons-admin-comments dashicons\"><\/span>\t\t\t\t\tAucun commentaire\t\t\t\t<\/span>\n\t\t\t\t\t\t<\/div>\n\t\t\t\t\t\t\t<div class='uagb-post__text uagb-post__excerpt'>\n\t\t\t\t\t<p>Chers amis de Terra Livha \ud83e\udd17 Nous vous \u00e9crivons aujourd\u2019hui pour vous tenir au courant&#8230;\t\t\t\t<\/div>\n\t\t\t\t\t\t<div class=\"uagb-post__text uagb-post__cta wp-block-button\">\n\t\t\t\t<a class=\"wp-block-button__link uagb-text-link\" style=\"\" href=\"https:\/\/terralivha.pt\/fr\/resultats-du-concours-dias-mais-sustentaveis-auquel-terra-livha-a-participe\/\" target=\"_self\" rel=\"bookmark noopener noreferrer\">Lire l&rsquo;article<\/a>\n\t\t\t<\/div>\n\t\t\t\n\t\t\t\t\t\t\t\t\t<\/article>\n\t\t\t\t\t\t\t\t\t\t\t\t\t\t\t\t<article class=\"uagb-post__inner-wrap\">\t\t\t\t\t\t\t\t<div class='uagb-post__image'>\n\t\t\t\t\t\t\t\t\t<a href=\"https:\/\/terralivha.pt\/fr\/un-mois-de-mai-riche-en-nouveaux-amenagements-sur-terra-livha\/\" target=\"_self\" rel=\"bookmark noopener noreferrer\" class='uagb-image-ratio-inherit'><img loading=\"lazy\" decoding=\"async\" width=\"1024\" height=\"770\" src=\"https:\/\/terralivha.pt\/wp-content\/uploads\/2024\/05\/photo_2024-05-12_16-58-55-e1717067473552-1024x770.jpg\" class=\"attachment-large size-large\" alt=\"\" srcset=\"https:\/\/terralivha.pt\/wp-content\/uploads\/2024\/05\/photo_2024-05-12_16-58-55-e1717067473552-1024x770.jpg 1024w, https:\/\/terralivha.pt\/wp-content\/uploads\/2024\/05\/photo_2024-05-12_16-58-55-e1717067473552-300x225.jpg 300w, https:\/\/terralivha.pt\/wp-content\/uploads\/2024\/05\/photo_2024-05-12_16-58-55-e1717067473552-768x577.jpg 768w, https:\/\/terralivha.pt\/wp-content\/uploads\/2024\/05\/photo_2024-05-12_16-58-55-e1717067473552-532x400.jpg 532w, https:\/\/terralivha.pt\/wp-content\/uploads\/2024\/05\/photo_2024-05-12_16-58-55-e1717067473552.jpg 1280w\" sizes=\"auto, (max-width: 1024px) 100vw, 1024px\" \/>\t\t\t\t\t<\/a>\n\t\t\t\t\t\t\t<\/div>\n\t\t\t\t\t\t<h4 class=\"uagb-post__title uagb-post__text\">\n\t\t\t\t<a href=\"https:\/\/terralivha.pt\/fr\/un-mois-de-mai-riche-en-nouveaux-amenagements-sur-terra-livha\/\" target=\"_self\" rel=\"bookmark noopener noreferrer\">Un mois de mai riche en nouveaux am\u00e9nagements sur Terra Livha \u26cf\ud83c\udf31<\/a>\n\t\t\t<\/h4>\n\t\t\t\t\t\t<div class='uagb-post__text uagb-post-grid-byline'>\n\t\t\t\t\t\t\t\t<time datetime=\"2024-05-30T11:09:15+00:00\" class=\"uagb-post__date\">\n\t\t\t\t<span class=\"dashicons-calendar dashicons\"><\/span>\t\t\t\t\t30 mai 2024\t\t\t\t<\/time>\n\t\t\t\t\t\t\t<span class=\"uagb-post__comment\">\n\t\t\t\t<span class=\"dashicons-admin-comments dashicons\"><\/span>\t\t\t\t\t5 commentaires\t\t\t\t<\/span>\n\t\t\t\t\t\t<\/div>\n\t\t\t\t\t\t\t<div class='uagb-post__text uagb-post__excerpt'>\n\t\t\t\t\t<p>Chers amis de Terra Livha, C&rsquo;est un plaisir de vous partager les derni\u00e8res avanc\u00e9es en&#8230;\t\t\t\t<\/div>\n\t\t\t\t\t\t<div class=\"uagb-post__text uagb-post__cta wp-block-button\">\n\t\t\t\t<a class=\"wp-block-button__link uagb-text-link\" style=\"\" href=\"https:\/\/terralivha.pt\/fr\/un-mois-de-mai-riche-en-nouveaux-amenagements-sur-terra-livha\/\" target=\"_self\" rel=\"bookmark noopener noreferrer\">Lire l&rsquo;article<\/a>\n\t\t\t<\/div>\n\t\t\t\n\t\t\t\t\t\t\t\t\t<\/article>\n\t\t\t\t\t\t\t\t\t\t\t\t\t\t\t\t<article class=\"uagb-post__inner-wrap\">\t\t\t\t\t\t\t\t<div class='uagb-post__image'>\n\t\t\t\t\t\t\t\t\t<a href=\"https:\/\/terralivha.pt\/fr\/la-premiere-recolte-sur-le-terrain\/\" target=\"_self\" rel=\"bookmark noopener noreferrer\" class='uagb-image-ratio-inherit'><img loading=\"lazy\" decoding=\"async\" width=\"1024\" height=\"753\" src=\"https:\/\/terralivha.pt\/wp-content\/uploads\/2024\/04\/WhatsApp-Image-2024-04-10-a-10.50.21_da2a0c12-Copie-1024x753.jpg\" class=\"attachment-large size-large\" alt=\"\" srcset=\"https:\/\/terralivha.pt\/wp-content\/uploads\/2024\/04\/WhatsApp-Image-2024-04-10-a-10.50.21_da2a0c12-Copie-1024x753.jpg 1024w, https:\/\/terralivha.pt\/wp-content\/uploads\/2024\/04\/WhatsApp-Image-2024-04-10-a-10.50.21_da2a0c12-Copie-300x221.jpg 300w, https:\/\/terralivha.pt\/wp-content\/uploads\/2024\/04\/WhatsApp-Image-2024-04-10-a-10.50.21_da2a0c12-Copie-768x565.jpg 768w, https:\/\/terralivha.pt\/wp-content\/uploads\/2024\/04\/WhatsApp-Image-2024-04-10-a-10.50.21_da2a0c12-Copie-544x400.jpg 544w, https:\/\/terralivha.pt\/wp-content\/uploads\/2024\/04\/WhatsApp-Image-2024-04-10-a-10.50.21_da2a0c12-Copie.jpg 1505w\" sizes=\"auto, (max-width: 1024px) 100vw, 1024px\" \/>\t\t\t\t\t<\/a>\n\t\t\t\t\t\t\t<\/div>\n\t\t\t\t\t\t<h4 class=\"uagb-post__title uagb-post__text\">\n\t\t\t\t<a href=\"https:\/\/terralivha.pt\/fr\/la-premiere-recolte-sur-le-terrain\/\" target=\"_self\" rel=\"bookmark noopener noreferrer\">La premi\u00e8re r\u00e9colte sur le terrain !<\/a>\n\t\t\t<\/h4>\n\t\t\t\t\t\t<div class='uagb-post__text uagb-post-grid-byline'>\n\t\t\t\t\t\t\t\t<time datetime=\"2024-04-11T17:09:05+00:00\" class=\"uagb-post__date\">\n\t\t\t\t<span class=\"dashicons-calendar dashicons\"><\/span>\t\t\t\t\t11 avril 2024\t\t\t\t<\/time>\n\t\t\t\t\t\t\t<span class=\"uagb-post__comment\">\n\t\t\t\t<span class=\"dashicons-admin-comments dashicons\"><\/span>\t\t\t\t\t5 commentaires\t\t\t\t<\/span>\n\t\t\t\t\t\t<\/div>\n\t\t\t\t\t\t\t<div class='uagb-post__text uagb-post__excerpt'>\n\t\t\t\t\t<p>Bonjour \u00e0 toutes \u00e0 tous, C&rsquo;est avec joie que nous partageons aujourd&rsquo;hui une joyeuse nouvelle&#8230;\t\t\t\t<\/div>\n\t\t\t\t\t\t<div class=\"uagb-post__text uagb-post__cta wp-block-button\">\n\t\t\t\t<a class=\"wp-block-button__link uagb-text-link\" style=\"\" href=\"https:\/\/terralivha.pt\/fr\/la-premiere-recolte-sur-le-terrain\/\" target=\"_self\" rel=\"bookmark noopener noreferrer\">Lire l&rsquo;article<\/a>\n\t\t\t<\/div>\n\t\t\t\n\t\t\t\t\t\t\t\t\t<\/article>\n\t\t\t\t\t\t\t\t\t\t\t<\/div>\n\t\t\t<\/div><\/div>\n\n\n\n<div class=\"wp-block-uagb-container uagb-block-af490483 alignfull uagb-is-root-container\"><div class=\"uagb-container-inner-blocks-wrap\">\n<div class=\"wp-block-uagb-call-to-action uagb-block-44ec8c13 wp-block-button\"><div class=\"uagb-cta__wrap\"><h2 class=\"uagb-cta__title\">Contactez-nous<\/h2><p class=\"uagb-cta__desc\">Vous aimeriez en savoir plus ou nous rejoindre ?<\/p><\/div><div class=\"uagb-cta__buttons\"><a href=\"https:\/\/terralivha.pt\/fr\/contact\/\" class=\"uagb-cta__button-link-wrapper wp-block-button__link\" target=\"_self\" rel=\"noopener noreferrer\">Ecrire \u00e0 l&rsquo;\u00e9quipe<\/a><\/div><\/div>\n<\/div><\/div>\n\n\n\n<p><\/p>\n","protected":false},"excerpt":{"rendered":"<p>Terra LivhA\u200b Les derni\u00e8res nouvelles<\/p>\n","protected":false},"author":1,"featured_media":0,"parent":0,"menu_order":0,"comment_status":"closed","ping_status":"closed","template":"","meta":{"_uag_custom_page_level_css":"","site-sidebar-layout":"default","site-content-layout":"page-builder","ast-site-content-layout":"full-width-container","site-content-style":"unboxed","site-sidebar-style":"unboxed","ast-global-header-display":"","ast-banner-title-visibility":"","ast-main-header-display":"","ast-hfb-above-header-display":"","ast-hfb-below-header-display":"","ast-hfb-mobile-header-display":"","site-post-title":"disabled","ast-breadcrumbs-content":"","ast-featured-img":"","footer-sml-layout":"","ast-disable-related-posts":"","theme-transparent-header-meta":"enabled","adv-header-id-meta":"","stick-header-meta":"","header-above-stick-meta":"","header-main-stick-meta":"","header-below-stick-meta":"","astra-migrate-meta-layouts":"set","ast-page-background-enabled":"default","ast-page-background-meta":{"desktop":{"background-color":"var(--ast-global-color-4)","background-image":"","background-repeat":"repeat","background-position":"center center","background-size":"auto","background-attachment":"scroll","background-type":"","background-media":"","overlay-type":"","overlay-color":"","overlay-opacity":"","overlay-gradient":""},"tablet":{"background-color":"","background-image":"","background-repeat":"repeat","background-position":"center center","background-size":"auto","background-attachment":"scroll","background-type":"","background-media":"","overlay-type":"","overlay-color":"","overlay-opacity":"","overlay-gradient":""},"mobile":{"background-color":"","background-image":"","background-repeat":"repeat","background-position":"center center","background-size":"auto","background-attachment":"scroll","background-type":"","background-media":"","overlay-type":"","overlay-color":"","overlay-opacity":"","overlay-gradient":""}},"ast-content-background-meta":{"desktop":{"background-color":"var(--ast-global-color-5)","background-image":"","background-repeat":"repeat","background-position":"center center","background-size":"auto","background-attachment":"scroll","background-type":"","background-media":"","overlay-type":"","overlay-color":"","overlay-opacity":"","overlay-gradient":""},"tablet":{"background-color":"var(--ast-global-color-5)","background-image":"","background-repeat":"repeat","background-position":"center center","background-size":"auto","background-attachment":"scroll","background-type":"","background-media":"","overlay-type":"","overlay-color":"","overlay-opacity":"","overlay-gradient":""},"mobile":{"background-color":"var(--ast-global-color-5)","background-image":"","background-repeat":"repeat","background-position":"center center","background-size":"auto","background-attachment":"scroll","background-type":"","background-media":"","overlay-type":"","overlay-color":"","overlay-opacity":"","overlay-gradient":""}},"footnotes":""},"class_list":["post-78","page","type-page","status-publish","hentry"],"uagb_featured_image_src":{"full":false,"thumbnail":false,"medium":false,"medium_large":false,"large":false,"1536x1536":false,"2048x2048":false},"uagb_author_info":{"display_name":"livaTeradm99","author_link":"https:\/\/terralivha.pt\/fr\/author\/livateradm99\/"},"uagb_comment_info":0,"uagb_excerpt":"Terra LivhA\u200b Les derni\u00e8res nouvelles","_links":{"self":[{"href":"https:\/\/terralivha.pt\/fr\/wp-json\/wp\/v2\/pages\/78","targetHints":{"allow":["GET"]}}],"collection":[{"href":"https:\/\/terralivha.pt\/fr\/wp-json\/wp\/v2\/pages"}],"about":[{"href":"https:\/\/terralivha.pt\/fr\/wp-json\/wp\/v2\/types\/page"}],"author":[{"embeddable":true,"href":"https:\/\/terralivha.pt\/fr\/wp-json\/wp\/v2\/users\/1"}],"replies":[{"embeddable":true,"href":"https:\/\/terralivha.pt\/fr\/wp-json\/wp\/v2\/comments?post=78"}],"version-history":[{"count":59,"href":"https:\/\/terralivha.pt\/fr\/wp-json\/wp\/v2\/pages\/78\/revisions"}],"predecessor-version":[{"id":2512,"href":"https:\/\/terralivha.pt\/fr\/wp-json\/wp\/v2\/pages\/78\/revisions\/2512"}],"wp:attachment":[{"href":"https:\/\/terralivha.pt\/fr\/wp-json\/wp\/v2\/media?parent=78"}],"curies":[{"name":"wp","href":"https:\/\/api.w.org\/{rel}","templated":true}]}}