{"id":2114,"date":"2022-10-17T07:22:23","date_gmt":"2022-10-17T07:22:23","guid":{"rendered":"https:\/\/terralivha.pt\/contacto\/"},"modified":"2024-01-21T12:38:28","modified_gmt":"2024-01-21T12:38:28","slug":"contacto","status":"publish","type":"page","link":"https:\/\/terralivha.pt\/pt-pt\/contacto\/","title":{"rendered":"Contacto"},"content":{"rendered":"\n<div class=\"wp-block-uagb-container uagb-block-8de9c239 alignfull uagb-is-root-container\"><div class=\"uagb-container-inner-blocks-wrap\">\n<div class=\"wp-block-uagb-advanced-heading uagb-block-99148d6e\"><h1 class=\"uagb-heading-text\">CONTACTE A EQUIPA<\/h1><\/div>\n<\/div><\/div>\n\n<p><strong>Se quiser participar neste projeto, seja com trabalho volunt\u00e1rio, ou com donativos (financeiros ou materiais), pode escrever-nos utilizando o formul\u00e1rio no final desta p\u00e1gina.<\/strong><\/p>\n\n<p>Organizamos v\u00e1rias sess\u00f5es de trabalho no terreno, nomeadamente para cuidar das \u00e1rvores e das planta\u00e7\u00f5es recentes, e a ajuda de todos \u00e9 bem-vinda \ud83d\udc9a. Convidamo-lo a contactar-nos para saber mais informa\u00e7\u00f5es sobre as pr\u00f3ximas sess\u00f5es, e para percebermos, em conjunto, como poder\u00e1 participar.<\/p>\n\n<p>Se quiser apoiar o projeto financeiramente ou com donativos de ferramentas ou equipamentos, ser\u00e1 uma enorme ajuda! Foi criada uma associa\u00e7\u00e3o para receber donativos, que se destinam \u00e0s duas interven\u00e7\u00f5es mais relevantes nesta primeira fase: <\/p>\n\n<ol class=\"wp-block-list\">\n<li>Ajudar a financiar o grande projeto de recupera\u00e7\u00e3o e amplia\u00e7\u00e3o da antiga casa do monte, que servir\u00e1 como o centro da futura ecovila. Este belo edif\u00edcio ser\u00e1 utilizado para acolher volunt\u00e1rios e eventos, e servir\u00e1 de ponto de partida para o desenvolvimento das fases seguintes do projeto. <\/li>\n\n\n\n<li>Financiar a compra de diversas \u00e1rvores e regenerar a natureza deste espa\u00e7o, atrav\u00e9s da prote\u00e7\u00e3o do solo e da flora e da fauna, e da realiza\u00e7\u00e3o de opera\u00e7\u00f5es de planta\u00e7\u00e3o. Para refer\u00eancia, a planta\u00e7\u00e3o de uma \u00e1rvore custa, em m\u00e9dia, 7 euros, e prevemos organizar periodicamente opera\u00e7\u00f5es de planta\u00e7\u00e3o de milhares de \u00e1rvores. <\/li>\n<\/ol>\n\n<p>Desta forma, todas as suas contribui\u00e7\u00f5es podem ter um impacto tang\u00edvel e vis\u00edvel. <\/p>\n\n<p>Para fazer um donativo, clique no bot\u00e3o em baixo:<\/p>\n\n<div class=\"wp-block-uagb-buttons uagb-buttons__outer-wrap uagb-btn__default-btn uagb-btn-tablet__default-btn uagb-btn-mobile__default-btn uagb-block-cfe6bac0\"><div class=\"uagb-buttons__wrap uagb-buttons-layout-wrap\">\n<div class=\"wp-block-uagb-buttons-child uagb-buttons__outer-wrap uagb-block-40ae5d26 wp-block-button\"><div class=\"uagb-button__wrapper\"><a class=\"uagb-buttons-repeater wp-block-button__link\" href=\"https:\/\/my.livha.org\/product\/make-a-donation-project-portugal\/\" onclick=\"return true;\" rel=\"follow noopener\" target=\"_blank\"><div class=\"uagb-button__link\">FAZER UM DONATIVO<\/div><span class=\"uagb-button__icon uagb-button__icon-position-after\"><svg xmlns=\"https:\/\/www.w3.org\/2000\/svg\" viewbox=\"0 0 448 512\"><path d=\"M413.8 447.1L256 448l0 31.99C256 497.7 241.8 512 224.1 512c-17.67 0-32.1-14.32-32.1-31.99l0-31.99l-158.9-.0099c-28.5 0-43.69-34.49-24.69-56.4l68.98-79.59H62.22c-25.41 0-39.15-29.8-22.67-49.13l60.41-70.85H89.21c-21.28 0-32.87-22.5-19.28-37.31l134.8-146.5c10.4-11.3 28.22-11.3 38.62-.0033l134.9 146.5c13.62 14.81 2.001 37.31-19.28 37.31h-10.77l60.35 70.86c16.46 19.34 2.716 49.12-22.68 49.12h-15.2l68.98 79.59C458.7 413.7 443.1 447.1 413.8 447.1z\"><\/path><\/svg><\/span><\/a><\/div><\/div>\n<\/div><\/div>\n\n<p>Tamb\u00e9m \u00e9 poss\u00edvel doar equipamentos ou ferramentas. Pode contactar-nos utilizando o formul\u00e1rio em baixo. Alguns exemplos de material que precisamos:<\/p>\n\n<ul class=\"wp-block-list\">\n<li>Material agr\u00edcola e de jardinagem: \n<ul class=\"wp-block-list\">\n<li>Tesouras de poda, serrotes de poda.<\/li>\n\n\n\n<li>Luvas, vestu\u00e1rio de prote\u00e7\u00e3o, \u00f3culos de prote\u00e7\u00e3o e capacetes.<\/li>\n\n\n\n<li>Picaretas, enxadas e p\u00e1s.<\/li>\n\n\n\n<li>Carrinhos de m\u00e3o.<\/li>\n\n\n\n<li>Ro\u00e7adeira, motosserra.<\/li>\n\n\n\n<li>Triturador de ramos podados, para fazer composto de forma mais eficaz.<\/li>\n\n\n\n<li>Outros equipamentos com um or\u00e7amento mais elevado, como um trator (atualmente, quando necess\u00e1rio, pedimos ajuda a um vizinho, em troca de um normal aluguer, ou em troca de outros servi\u00e7os). <\/li>\n<\/ul>\n<\/li>\n\n\n\n<li>Equipamento de bricolage: ferramentas para carpintaria e outros trabalhos manuais.<\/li>\n\n\n\n<li>Outros artigos \u00fateis no terreno:\n<ul class=\"wp-block-list\">\n<li>Sacos-cama, colch\u00f5es insufl\u00e1veis, camas insufl\u00e1veis, camas dobr\u00e1veis.<\/li>\n\n\n\n<li>Tendas, toldos ou marquise.<\/li>\n\n\n\n<li>Fog\u00f5es a g\u00e1s.<\/li>\n\n\n\n<li>Material de cozinha profissional ou semi-profissional.<\/li>\n\n\n\n<li>Sistema de filtragem e de purifica\u00e7\u00e3o de \u00e1gua.<\/li>\n\n\n\n<li>Kit gerador port\u00e1til com pain\u00e9is solares.<\/li>\n<\/ul>\n<\/li>\n<\/ul>\n\n<div class=\"wp-block-uagb-container uagb-block-78f4c1c5 alignfull uagb-is-root-container\"><div class=\"uagb-container-inner-blocks-wrap\">\n<div class=\"wp-block-uagb-container uagb-block-19ae1af4\">\n<h2 class=\"wp-block-heading has-text-align-center\" style=\"font-size:27px\"><strong>Enviar uma mensagem \u00e0 nossa equipa<\/strong><\/h2>\n\n\n\n<div class=\"wp-block-uagb-container uagb-block-de7bd3b5\"><div class=\"wpforms-container wpforms-block wpforms-block-81da8726-53c5-475b-b8d7-4b859e2ca66e\" id=\"wpforms-9\"><form id=\"wpforms-form-9\" class=\"wpforms-validate wpforms-form wpforms-ajax-form\" data-formid=\"9\" method=\"post\" enctype=\"multipart\/form-data\" action=\"\/pt-pt\/wp-json\/wp\/v2\/pages\/2114\" data-token=\"9959908abec60f0d9dcfc52fa2549ad8\" data-token-time=\"1777487000\"><noscript class=\"wpforms-error-noscript\">Please enable JavaScript in your browser to complete this form.<\/noscript><div class=\"wpforms-field-container\"><div id=\"wpforms-9-field_0-container\" class=\"wpforms-field wpforms-field-name\" data-field-id=\"0\"><label class=\"wpforms-field-label wpforms-label-hide\" for=\"wpforms-9-field_0\">Nome <span class=\"wpforms-required-label\">*<\/span><\/label><input type=\"text\" id=\"wpforms-9-field_0\" class=\"wpforms-field-large wpforms-field-required\" name=\"wpforms[fields][0]\" placeholder=\"Nome\" required><\/div><div id=\"wpforms-9-field_3-container\" class=\"wpforms-field wpforms-field-email\" data-field-id=\"3\"><label class=\"wpforms-field-label wpforms-label-hide\" for=\"wpforms-9-field_3\">Email <span class=\"wpforms-required-label\">*<\/span><\/label><input type=\"email\" id=\"wpforms-9-field_3\" class=\"wpforms-field-large wpforms-field-required\" name=\"wpforms[fields][3]\" placeholder=\"Email\" spellcheck=\"false\" required><\/div><div id=\"wpforms-9-field_4-container\" class=\"wpforms-field wpforms-field-select wpforms-field-select-style-classic\" data-field-id=\"4\"><label class=\"wpforms-field-label\" for=\"wpforms-9-field_4\">Categoria da mensagem <span class=\"wpforms-required-label\">*<\/span><\/label><select id=\"wpforms-9-field_4\" class=\"wpforms-field-medium wpforms-field-required\" name=\"wpforms[fields][4]\" required=\"required\"><option value=\"Voluntariado\"  class=\"choice-1 depth-1\"  >Voluntariado<\/option><option value=\"Donativo \/ Donativo em material\"  class=\"choice-2 depth-1\"  >Donativo \/ Donativo em material<\/option><option value=\"Outro assunto\"  class=\"choice-3 depth-1\"  >Outro assunto<\/option><\/select><\/div><div id=\"wpforms-9-field_5-container\" class=\"wpforms-field wpforms-field-text\" data-field-id=\"5\"><label class=\"wpforms-field-label\" for=\"wpforms-9-field_5\">Assunto da mensagem <span class=\"wpforms-required-label\">*<\/span><\/label><input type=\"text\" id=\"wpforms-9-field_5\" class=\"wpforms-field-medium wpforms-field-required\" name=\"wpforms[fields][5]\" required><\/div><div id=\"wpforms-9-field_2-container\" class=\"wpforms-field wpforms-field-textarea\" data-field-id=\"2\"><label class=\"wpforms-field-label wpforms-label-hide\" for=\"wpforms-9-field_2\">Mensagem <span class=\"wpforms-required-label\">*<\/span><\/label><textarea id=\"wpforms-9-field_2\" class=\"wpforms-field-medium wpforms-field-required\" name=\"wpforms[fields][2]\" placeholder=\"Mensagem\" required><\/textarea><\/div><\/div><!-- .wpforms-field-container --><div class=\"wpforms-submit-container\" ><input type=\"hidden\" name=\"wpforms[id]\" value=\"9\"><input type=\"hidden\" name=\"page_title\" value=\"\"><input type=\"hidden\" name=\"page_url\" value=\"https:\/\/terralivha.pt\/pt-pt\/wp-json\/wp\/v2\/pages\/2114\"><input type=\"hidden\" name=\"url_referer\" value=\"\"><button type=\"submit\" name=\"wpforms[submit]\" id=\"wpforms-submit-9\" class=\"wpforms-submit\" data-alt-text=\"Est\u00e1 a ser enviado...\" data-submit-text=\"ENVIAR MENSAGEM\" aria-live=\"assertive\" value=\"wpforms-submit\">ENVIAR MENSAGEM<\/button><img loading=\"lazy\" decoding=\"async\" src=\"https:\/\/terralivha.pt\/wp-content\/plugins\/wpforms-lite\/assets\/images\/submit-spin.svg\" class=\"wpforms-submit-spinner\" style=\"display: none;\" width=\"26\" height=\"26\" alt=\"Loading\"><\/div><\/form><\/div>  <!-- .wpforms-container --><\/div>\n<\/div>\n\n\n\n<div class=\"wp-block-uagb-container uagb-block-78023e99\">\n<div class=\"wp-block-uagb-container uagb-block-76570e3e\">\n<div class=\"wp-block-uagb-advanced-heading uagb-block-bc2e6625\"><h5 class=\"uagb-heading-text\">Siga-nos nas redes sociais:<\/h5><\/div>\n\n\n\n<p>Ao gostar, partilhar e repostar os posts nas redes sociais da Terra Livha, est\u00e1 a ajudar a divulgar e a crescer este projeto!<\/p>\n\n\n\n<ul class=\"wp-block-social-links has-huge-icon-size has-icon-background-color is-style-default is-layout-flex wp-block-social-links-is-layout-flex\"><li style=\"background-color:var(--ast-global-color-0);\" class=\"wp-social-link wp-social-link-instagram has-ast-global-color-0-background-color wp-block-social-link\"><a rel=\"noopener nofollow\" target=\"_blank\" href=\"https:\/\/www.instagram.com\/terralivha\/\" class=\"wp-block-social-link-anchor\"><svg width=\"24\" height=\"24\" viewBox=\"0 0 24 24\" version=\"1.1\" xmlns=\"http:\/\/www.w3.org\/2000\/svg\" aria-hidden=\"true\" focusable=\"false\"><path d=\"M12,4.622c2.403,0,2.688,0.009,3.637,0.052c0.877,0.04,1.354,0.187,1.671,0.31c0.42,0.163,0.72,0.358,1.035,0.673 c0.315,0.315,0.51,0.615,0.673,1.035c0.123,0.317,0.27,0.794,0.31,1.671c0.043,0.949,0.052,1.234,0.052,3.637 s-0.009,2.688-0.052,3.637c-0.04,0.877-0.187,1.354-0.31,1.671c-0.163,0.42-0.358,0.72-0.673,1.035 c-0.315,0.315-0.615,0.51-1.035,0.673c-0.317,0.123-0.794,0.27-1.671,0.31c-0.949,0.043-1.233,0.052-3.637,0.052 s-2.688-0.009-3.637-0.052c-0.877-0.04-1.354-0.187-1.671-0.31c-0.42-0.163-0.72-0.358-1.035-0.673 c-0.315-0.315-0.51-0.615-0.673-1.035c-0.123-0.317-0.27-0.794-0.31-1.671C4.631,14.688,4.622,14.403,4.622,12 s0.009-2.688,0.052-3.637c0.04-0.877,0.187-1.354,0.31-1.671c0.163-0.42,0.358-0.72,0.673-1.035 c0.315-0.315,0.615-0.51,1.035-0.673c0.317-0.123,0.794-0.27,1.671-0.31C9.312,4.631,9.597,4.622,12,4.622 M12,3 C9.556,3,9.249,3.01,8.289,3.054C7.331,3.098,6.677,3.25,6.105,3.472C5.513,3.702,5.011,4.01,4.511,4.511 c-0.5,0.5-0.808,1.002-1.038,1.594C3.25,6.677,3.098,7.331,3.054,8.289C3.01,9.249,3,9.556,3,12c0,2.444,0.01,2.751,0.054,3.711 c0.044,0.958,0.196,1.612,0.418,2.185c0.23,0.592,0.538,1.094,1.038,1.594c0.5,0.5,1.002,0.808,1.594,1.038 c0.572,0.222,1.227,0.375,2.185,0.418C9.249,20.99,9.556,21,12,21s2.751-0.01,3.711-0.054c0.958-0.044,1.612-0.196,2.185-0.418 c0.592-0.23,1.094-0.538,1.594-1.038c0.5-0.5,0.808-1.002,1.038-1.594c0.222-0.572,0.375-1.227,0.418-2.185 C20.99,14.751,21,14.444,21,12s-0.01-2.751-0.054-3.711c-0.044-0.958-0.196-1.612-0.418-2.185c-0.23-0.592-0.538-1.094-1.038-1.594 c-0.5-0.5-1.002-0.808-1.594-1.038c-0.572-0.222-1.227-0.375-2.185-0.418C14.751,3.01,14.444,3,12,3L12,3z M12,7.378 c-2.552,0-4.622,2.069-4.622,4.622S9.448,16.622,12,16.622s4.622-2.069,4.622-4.622S14.552,7.378,12,7.378z M12,15 c-1.657,0-3-1.343-3-3s1.343-3,3-3s3,1.343,3,3S13.657,15,12,15z M16.804,6.116c-0.596,0-1.08,0.484-1.08,1.08 s0.484,1.08,1.08,1.08c0.596,0,1.08-0.484,1.08-1.08S17.401,6.116,16.804,6.116z\"><\/path><\/svg><span class=\"wp-block-social-link-label screen-reader-text\">Instagram<\/span><\/a><\/li>\n\n<li style=\"background-color:var(--ast-global-color-0);\" class=\"wp-social-link wp-social-link-facebook has-ast-global-color-0-background-color wp-block-social-link\"><a rel=\"noopener nofollow\" target=\"_blank\" href=\"https:\/\/www.facebook.com\/people\/Terra-Livha\/61555293813424\/\" class=\"wp-block-social-link-anchor\"><svg width=\"24\" height=\"24\" viewBox=\"0 0 24 24\" version=\"1.1\" xmlns=\"http:\/\/www.w3.org\/2000\/svg\" aria-hidden=\"true\" focusable=\"false\"><path d=\"M12 2C6.5 2 2 6.5 2 12c0 5 3.7 9.1 8.4 9.9v-7H7.9V12h2.5V9.8c0-2.5 1.5-3.9 3.8-3.9 1.1 0 2.2.2 2.2.2v2.5h-1.3c-1.2 0-1.6.8-1.6 1.6V12h2.8l-.4 2.9h-2.3v7C18.3 21.1 22 17 22 12c0-5.5-4.5-10-10-10z\"><\/path><\/svg><span class=\"wp-block-social-link-label screen-reader-text\">Facebook<\/span><\/a><\/li>\n\n<li style=\"background-color:var(--ast-global-color-0);\" class=\"wp-social-link wp-social-link-linkedin has-ast-global-color-0-background-color wp-block-social-link\"><a rel=\"noopener nofollow\" target=\"_blank\" href=\"https:\/\/www.linkedin.com\/company\/terralivha\/\" class=\"wp-block-social-link-anchor\"><svg width=\"24\" height=\"24\" viewBox=\"0 0 24 24\" version=\"1.1\" xmlns=\"http:\/\/www.w3.org\/2000\/svg\" aria-hidden=\"true\" focusable=\"false\"><path d=\"M19.7,3H4.3C3.582,3,3,3.582,3,4.3v15.4C3,20.418,3.582,21,4.3,21h15.4c0.718,0,1.3-0.582,1.3-1.3V4.3 C21,3.582,20.418,3,19.7,3z M8.339,18.338H5.667v-8.59h2.672V18.338z M7.004,8.574c-0.857,0-1.549-0.694-1.549-1.548 c0-0.855,0.691-1.548,1.549-1.548c0.854,0,1.547,0.694,1.547,1.548C8.551,7.881,7.858,8.574,7.004,8.574z M18.339,18.338h-2.669 v-4.177c0-0.996-0.017-2.278-1.387-2.278c-1.389,0-1.601,1.086-1.601,2.206v4.249h-2.667v-8.59h2.559v1.174h0.037 c0.356-0.675,1.227-1.387,2.526-1.387c2.703,0,3.203,1.779,3.203,4.092V18.338z\"><\/path><\/svg><span class=\"wp-block-social-link-label screen-reader-text\">LinkedIn<\/span><\/a><\/li><\/ul>\n\n\n\n<div class=\"wp-block-uagb-container uagb-block-013f066a\"><\/div>\n<\/div>\n<\/div>\n<\/div><\/div>\n\n<div class=\"wp-block-uagb-container uagb-block-3dbbd520 alignfull uagb-is-root-container\"><div class=\"uagb-container-inner-blocks-wrap\"><\/div><\/div>\n","protected":false},"excerpt":{"rendered":"<p>CONTACTE A EQUIPA Se quiser participar neste projeto, seja com trabalho volunt\u00e1rio, ou com donativos (financeiros ou materiais), pode escrever-nos utilizando o formul\u00e1rio no final desta p\u00e1gina. Organizamos v\u00e1rias sess\u00f5es de trabalho no terreno, nomeadamente para cuidar das \u00e1rvores e das planta\u00e7\u00f5es recentes, e a ajuda de todos \u00e9 bem-vinda \ud83d\udc9a. Convidamo-lo a contactar-nos para [&hellip;]<\/p>\n","protected":false},"author":1,"featured_media":0,"parent":0,"menu_order":0,"comment_status":"closed","ping_status":"closed","template":"","meta":{"_uag_custom_page_level_css":"","site-sidebar-layout":"default","site-content-layout":"","ast-site-content-layout":"default","site-content-style":"default","site-sidebar-style":"default","ast-global-header-display":"","ast-banner-title-visibility":"","ast-main-header-display":"","ast-hfb-above-header-display":"","ast-hfb-below-header-display":"","ast-hfb-mobile-header-display":"","site-post-title":"disabled","ast-breadcrumbs-content":"","ast-featured-img":"","footer-sml-layout":"","ast-disable-related-posts":"","theme-transparent-header-meta":"default","adv-header-id-meta":"","stick-header-meta":"","header-above-stick-meta":"","header-main-stick-meta":"","header-below-stick-meta":"","astra-migrate-meta-layouts":"default","ast-page-background-enabled":"default","ast-page-background-meta":{"desktop":{"background-color":"var(--ast-global-color-4)","background-image":"","background-repeat":"repeat","background-position":"center center","background-size":"auto","background-attachment":"scroll","background-type":"","background-media":"","overlay-type":"","overlay-color":"","overlay-opacity":"","overlay-gradient":""},"tablet":{"background-color":"","background-image":"","background-repeat":"repeat","background-position":"center center","background-size":"auto","background-attachment":"scroll","background-type":"","background-media":"","overlay-type":"","overlay-color":"","overlay-opacity":"","overlay-gradient":""},"mobile":{"background-color":"","background-image":"","background-repeat":"repeat","background-position":"center center","background-size":"auto","background-attachment":"scroll","background-type":"","background-media":"","overlay-type":"","overlay-color":"","overlay-opacity":"","overlay-gradient":""}},"ast-content-background-meta":{"desktop":{"background-color":"var(--ast-global-color-5)","background-image":"","background-repeat":"repeat","background-position":"center center","background-size":"auto","background-attachment":"scroll","background-type":"","background-media":"","overlay-type":"","overlay-color":"","overlay-opacity":"","overlay-gradient":""},"tablet":{"background-color":"var(--ast-global-color-5)","background-image":"","background-repeat":"repeat","background-position":"center center","background-size":"auto","background-attachment":"scroll","background-type":"","background-media":"","overlay-type":"","overlay-color":"","overlay-opacity":"","overlay-gradient":""},"mobile":{"background-color":"var(--ast-global-color-5)","background-image":"","background-repeat":"repeat","background-position":"center center","background-size":"auto","background-attachment":"scroll","background-type":"","background-media":"","overlay-type":"","overlay-color":"","overlay-opacity":"","overlay-gradient":""}},"footnotes":""},"class_list":["post-2114","page","type-page","status-publish","hentry"],"uagb_featured_image_src":{"full":false,"thumbnail":false,"medium":false,"medium_large":false,"large":false,"1536x1536":false,"2048x2048":false},"uagb_author_info":{"display_name":"livaTeradm99","author_link":"https:\/\/terralivha.pt\/pt-pt\/author\/livateradm99\/"},"uagb_comment_info":0,"uagb_excerpt":"CONTACTE A EQUIPA Se quiser participar neste projeto, seja com trabalho volunt\u00e1rio, ou com donativos (financeiros ou materiais), pode escrever-nos utilizando o formul\u00e1rio no final desta p\u00e1gina. Organizamos v\u00e1rias sess\u00f5es de trabalho no terreno, nomeadamente para cuidar das \u00e1rvores e das planta\u00e7\u00f5es recentes, e a ajuda de todos \u00e9 bem-vinda \ud83d\udc9a. Convidamo-lo a contactar-nos para&hellip;","_links":{"self":[{"href":"https:\/\/terralivha.pt\/pt-pt\/wp-json\/wp\/v2\/pages\/2114","targetHints":{"allow":["GET"]}}],"collection":[{"href":"https:\/\/terralivha.pt\/pt-pt\/wp-json\/wp\/v2\/pages"}],"about":[{"href":"https:\/\/terralivha.pt\/pt-pt\/wp-json\/wp\/v2\/types\/page"}],"author":[{"embeddable":true,"href":"https:\/\/terralivha.pt\/pt-pt\/wp-json\/wp\/v2\/users\/1"}],"replies":[{"embeddable":true,"href":"https:\/\/terralivha.pt\/pt-pt\/wp-json\/wp\/v2\/comments?post=2114"}],"version-history":[{"count":10,"href":"https:\/\/terralivha.pt\/pt-pt\/wp-json\/wp\/v2\/pages\/2114\/revisions"}],"predecessor-version":[{"id":2520,"href":"https:\/\/terralivha.pt\/pt-pt\/wp-json\/wp\/v2\/pages\/2114\/revisions\/2520"}],"wp:attachment":[{"href":"https:\/\/terralivha.pt\/pt-pt\/wp-json\/wp\/v2\/media?parent=2114"}],"curies":[{"name":"wp","href":"https:\/\/api.w.org\/{rel}","templated":true}]}}