{"id":3320,"date":"2025-06-18T08:17:53","date_gmt":"2025-06-18T08:17:53","guid":{"rendered":"https:\/\/terralivha.pt\/construir-em-taipa-juntos\/"},"modified":"2025-08-08T08:03:18","modified_gmt":"2025-08-08T08:03:18","slug":"taipa","status":"publish","type":"page","link":"https:\/\/terralivha.pt\/pt-pt\/taipa\/","title":{"rendered":"Construir em Taipa juntos"},"content":{"rendered":"\n<div class=\"wp-block-uagb-container uagb-block-8de9c239 alignfull uagb-is-root-container\"><div class=\"uagb-container-inner-blocks-wrap\">\n<div class=\"wp-block-uagb-advanced-heading uagb-block-99148d6e\"><h1 class=\"uagb-heading-text\">Construir em Taipa juntos <\/h1><\/div>\n\n\n\n<p><\/p>\n<\/div><\/div>\n\n\n\n<div class=\"wp-block-uagb-container uagb-block-72b3d163 alignfull uagb-is-root-container\"><div class=\"uagb-container-inner-blocks-wrap\">\n<p class=\"has-text-align-center\" style=\"margin-bottom:var(--wp--preset--spacing--20);font-size:32px;line-height:1.3\"><strong>Constru\u00e7\u00e3o participativa <\/strong><\/p>\n\n\n\n<p class=\"has-text-align-center\" style=\"margin-top:0;margin-bottom:var(--wp--preset--spacing--60);padding-top:0;padding-right:0;padding-bottom:0;padding-left:0;font-size:30px;line-height:1.3\"><strong>&#8211; 13 a 30 de agosto de 2025<\/strong> &#8211;<\/p>\n\n\n\n<p class=\"has-text-align-center has-ast-global-color-1-color has-text-color has-link-color wp-elements-1725fa6cd77d5962a4a1627d009416b1\"><em>Voir cette page <strong><a href=\"https:\/\/terralivha.pt\/pt-pt\/taipa\/\" data-type=\"link\" data-id=\"https:\/\/terralivha.pt\/fr\/taipa\">en fran\u00e7ais<\/a><\/strong> | view this page <strong><a href=\"https:\/\/terralivha.pt\/pt-pt\/taipa\/\" data-type=\"link\" data-id=\"https:\/\/terralivha.pt\/taipa\/\">in english<\/a><\/strong><\/em><\/p>\n\n\n\n<p>Temos o prazer de anunciar que iremos abrir um obra participativa em Taipa, em agosto deste ano!<\/p>\n\n\n\n<p>O nosso projeto chamado \u00abTerra Livha\u00bb est\u00e1 localizado perto de Garv\u00e3o (Ourique), na bela regi\u00e3o do Alentejo, em Portugal. Terra Livha \u00e9 um projeto coletivo de ecoaldeia que est\u00e1 a come\u00e7ar a tomar forma aqui em Portugal. Pode descobrir <a href=\"https:\/\/terralivha.pt\/pt-pt\/\" target=\"_blank\" rel=\"noreferrer noopener\"><strong>mais sobre o projeto Terra Livha aqui<\/strong><\/a>.  <\/p>\n\n\n\n<p style=\"margin-bottom:var(--wp--preset--spacing--50)\">Este projeto de constru\u00e7\u00e3o consiste na <strong>restaura\u00e7\u00e3o das paredes de taipa <\/strong>de uma antiga quinta com cerca de 300 m\u00b2, utilizando m\u00e9todos tradicionais. De facto, uma vez que o telhado do edif\u00edcio se encontra em muito mau estado, \u00e9 necess\u00e1ria <strong>uma interven\u00e7\u00e3o urgente para tratar a parte superior das paredes de taipa<\/strong>, a fim de preparar a instala\u00e7\u00e3o de um novo telhado ainda este ano. O telhado antigo ser\u00e1 removido previamente, para que a opera\u00e7\u00e3o se concentre inteiramente na repara\u00e7\u00e3o da parte superior destas paredes, juntamente com algumas repara\u00e7\u00f5es adicionais das paredes de taipa.<\/p>\n\n\n\n<p><em>O trabalho ser\u00e1 liderado por Miguel Ferreira Mendes e a sua equipa de especialistas em Taipa. Miguel \u00e9 arquiteto e especialista em constru\u00e7\u00e3o em terra, membro da equipa \u00abCRAterre\u00bb e um reconhecido instrutor em constru\u00e7\u00e3o em terra. <\/em><\/p>\n\n\n\n<p style=\"margin-top:var(--wp--preset--spacing--50)\">Esta \u00e9 uma oportunidade \u00fanica para aprender e praticar a constru\u00e7\u00e3o e restaura\u00e7\u00e3o de Taipa, sendo orientado e trabalhando ao lado de instrutores e especialistas experientes em Taipa. <\/p>\n\n\n\n<p>O esp\u00edrito deste projeto de constru\u00e7\u00e3o \u00e9 aberto, com valores de partilha de conhecimento e melhores pr\u00e1ticas com os participantes, para que todos possam aprender de forma eficiente atrav\u00e9s da pr\u00e1tica. <\/p>\n\n\n\n<p class=\"has-medium-font-size\" style=\"margin-top:var(--wp--preset--spacing--60)\"><strong>Programa<\/strong><\/p>\n\n\n\n<ul class=\"wp-block-list\">\n<li>De segunda a s\u00e1bado, domingo \u00e9 dia de descanso<\/li>\n<\/ul>\n\n\n\n<ul class=\"wp-block-list\">\n<li>O trabalho \u00e9 das 7h \u00e0s 12h e das 17h \u00e0s 19h (evita as horas mais quentes).<\/li>\n\n\n\n<li>Pode participar durante todo o per\u00edodo (13 a 30 de agosto) ou por um per\u00edodo mais curto, dependendo da sua disponibilidade.<\/li>\n<\/ul>\n\n\n\n<p class=\"has-medium-font-size\" style=\"margin-top:var(--wp--preset--spacing--60)\"><strong>Log\u00edstica e compensa\u00e7\u00e3o \u20ac <\/strong><\/p>\n\n\n\n<ul class=\"wp-block-list\">\n<li><strong>Alojamento<\/strong> : Inclu\u00eddo no nosso parque de campismo. H\u00e1 acesso a \u00e1gua, casa de banho e chuveiros. Pode trazer a sua pr\u00f3pria tenda ou van\/caravana, ou podemos fornecer-lhe uma tenda.  <\/li>\n<\/ul>\n\n\n\n<ul class=\"wp-block-list\">\n<li><strong>Comida<\/strong>: Tudo inclu\u00eddo (3 refei\u00e7\u00f5es por dia + um lanche e bebidas)<\/li>\n<\/ul>\n\n\n\n<ul class=\"wp-block-list\">\n<li>\u00c9 poss\u00edvel receber uma <strong>compensa\u00e7\u00e3o financeira di\u00e1ria<\/strong> (entre 30\u20ac e 40\u20ac por dia, dependendo de diferentes fatores).<\/li>\n<\/ul>\n<\/div><\/div>\n\n\n\n<div class=\"wp-block-uagb-container uagb-block-cba10ab7 alignfull uagb-is-root-container\"><div class=\"uagb-container-inner-blocks-wrap\">\n<div class=\"wp-block-uagb-container uagb-block-4ac748f7\">\n<p class=\"has-text-align-center has-large-font-size\" style=\"margin-top:var(--wp--preset--spacing--60)\">\ud83d\udccb<strong>Inscri\u00e7\u00f5es encerradas<\/strong><\/p>\n\n\n\n<p class=\"has-text-align-center\"><strong>Muito obrigado por todas as inscri\u00e7\u00f5es entusi\u00e1sticas! Todas as vagas foram preenchidas. Se estiver interessado em participar de uma sess\u00e3o futura, envie-nos uma mensagem atrav\u00e9s da nossa <a href=\"https:\/\/terralivha.pt\/pt-pt\/contacto\/\" data-type=\"link\" data-id=\"https:\/\/terralivha.pt\/contact\/\">p\u00e1gina de contacto<\/a>.<\/strong><\/p>\n<\/div>\n<\/div><\/div>\n","protected":false},"excerpt":{"rendered":"<p>Construir em Taipa juntos Constru\u00e7\u00e3o participativa &#8211; 13 a 30 de agosto de 2025 &#8211; Voir cette page en fran\u00e7ais | view this page in english Temos o prazer de anunciar que iremos abrir um obra participativa em Taipa, em agosto deste ano! O nosso projeto chamado \u00abTerra Livha\u00bb est\u00e1 localizado perto de Garv\u00e3o (Ourique), [&hellip;]<\/p>\n","protected":false},"author":1,"featured_media":0,"parent":0,"menu_order":0,"comment_status":"closed","ping_status":"closed","template":"","meta":{"_uag_custom_page_level_css":"","site-sidebar-layout":"default","site-content-layout":"","ast-site-content-layout":"default","site-content-style":"default","site-sidebar-style":"default","ast-global-header-display":"","ast-banner-title-visibility":"","ast-main-header-display":"","ast-hfb-above-header-display":"","ast-hfb-below-header-display":"","ast-hfb-mobile-header-display":"","site-post-title":"disabled","ast-breadcrumbs-content":"","ast-featured-img":"","footer-sml-layout":"","ast-disable-related-posts":"","theme-transparent-header-meta":"","adv-header-id-meta":"","stick-header-meta":"","header-above-stick-meta":"","header-main-stick-meta":"","header-below-stick-meta":"","astra-migrate-meta-layouts":"set","ast-page-background-enabled":"default","ast-page-background-meta":{"desktop":{"background-color":"var(--ast-global-color-4)","background-image":"","background-repeat":"repeat","background-position":"center center","background-size":"auto","background-attachment":"scroll","background-type":"","background-media":"","overlay-type":"","overlay-color":"","overlay-opacity":"","overlay-gradient":""},"tablet":{"background-color":"","background-image":"","background-repeat":"repeat","background-position":"center center","background-size":"auto","background-attachment":"scroll","background-type":"","background-media":"","overlay-type":"","overlay-color":"","overlay-opacity":"","overlay-gradient":""},"mobile":{"background-color":"","background-image":"","background-repeat":"repeat","background-position":"center center","background-size":"auto","background-attachment":"scroll","background-type":"","background-media":"","overlay-type":"","overlay-color":"","overlay-opacity":"","overlay-gradient":""}},"ast-content-background-meta":{"desktop":{"background-color":"var(--ast-global-color-5)","background-image":"","background-repeat":"repeat","background-position":"center center","background-size":"auto","background-attachment":"scroll","background-type":"","background-media":"","overlay-type":"","overlay-color":"","overlay-opacity":"","overlay-gradient":""},"tablet":{"background-color":"var(--ast-global-color-5)","background-image":"","background-repeat":"repeat","background-position":"center center","background-size":"auto","background-attachment":"scroll","background-type":"","background-media":"","overlay-type":"","overlay-color":"","overlay-opacity":"","overlay-gradient":""},"mobile":{"background-color":"var(--ast-global-color-5)","background-image":"","background-repeat":"repeat","background-position":"center center","background-size":"auto","background-attachment":"scroll","background-type":"","background-media":"","overlay-type":"","overlay-color":"","overlay-opacity":"","overlay-gradient":""}},"footnotes":""},"class_list":["post-3320","page","type-page","status-publish","hentry"],"uagb_featured_image_src":{"full":false,"thumbnail":false,"medium":false,"medium_large":false,"large":false,"1536x1536":false,"2048x2048":false},"uagb_author_info":{"display_name":"livaTeradm99","author_link":"https:\/\/terralivha.pt\/pt-pt\/author\/livateradm99\/"},"uagb_comment_info":0,"uagb_excerpt":"Construir em Taipa juntos Constru\u00e7\u00e3o participativa &#8211; 13 a 30 de agosto de 2025 &#8211; Voir cette page en fran\u00e7ais | view this page in english Temos o prazer de anunciar que iremos abrir um obra participativa em Taipa, em agosto deste ano! O nosso projeto chamado \u00abTerra Livha\u00bb est\u00e1 localizado perto de Garv\u00e3o (Ourique),&hellip;","_links":{"self":[{"href":"https:\/\/terralivha.pt\/pt-pt\/wp-json\/wp\/v2\/pages\/3320","targetHints":{"allow":["GET"]}}],"collection":[{"href":"https:\/\/terralivha.pt\/pt-pt\/wp-json\/wp\/v2\/pages"}],"about":[{"href":"https:\/\/terralivha.pt\/pt-pt\/wp-json\/wp\/v2\/types\/page"}],"author":[{"embeddable":true,"href":"https:\/\/terralivha.pt\/pt-pt\/wp-json\/wp\/v2\/users\/1"}],"replies":[{"embeddable":true,"href":"https:\/\/terralivha.pt\/pt-pt\/wp-json\/wp\/v2\/comments?post=3320"}],"version-history":[{"count":8,"href":"https:\/\/terralivha.pt\/pt-pt\/wp-json\/wp\/v2\/pages\/3320\/revisions"}],"predecessor-version":[{"id":3574,"href":"https:\/\/terralivha.pt\/pt-pt\/wp-json\/wp\/v2\/pages\/3320\/revisions\/3574"}],"wp:attachment":[{"href":"https:\/\/terralivha.pt\/pt-pt\/wp-json\/wp\/v2\/media?parent=3320"}],"curies":[{"name":"wp","href":"https:\/\/api.w.org\/{rel}","templated":true}]}}