{"id":3363,"date":"2025-06-12T11:29:42","date_gmt":"2025-06-12T11:29:42","guid":{"rendered":"https:\/\/terralivha.pt\/apelo-a-doacao-de-equipamentos\/"},"modified":"2025-07-16T17:03:53","modified_gmt":"2025-07-16T17:03:53","slug":"doacao-equipamentos","status":"publish","type":"page","link":"https:\/\/terralivha.pt\/pt-pt\/doacao-equipamentos\/","title":{"rendered":"Apelo \u00e0 doa\u00e7\u00e3o de equipamentos"},"content":{"rendered":"\n<div class=\"wp-block-uagb-container uagb-block-8de9c239 alignfull uagb-is-root-container\"><div class=\"uagb-container-inner-blocks-wrap\">\n<div class=\"wp-block-uagb-advanced-heading uagb-block-99148d6e\"><h1 class=\"uagb-heading-text\">Apelo \u00e0 doa\u00e7\u00e3o de equipamentos<\/h1><\/div>\n<\/div><\/div>\n\n\n\n<p>Bem vindo \u00e0 p\u00e1gina de apelo a doa\u00e7\u00f5es de equipamentos para o nosso projeto Terra Livha!<\/p>\n\n\n\n<p>Nesta p\u00e1gina, encontrar\u00e1 uma lista completa dos materiais que procuramos, bem como um formul\u00e1rio que pode preencher para oferecer uma doa\u00e7\u00e3o de materiais.<\/p>\n\n\n\n<p><strong>O nosso projeto \u201cTerra Livha\u201d situa-se perto de Garv\u00e3o<\/strong>, na bela regi\u00e3o do Sul Alentejano, em Portugal. Terra Livha \u00e9 um projeto coletivo de eco-aldeia que est\u00e1 a come\u00e7ar a tomar forma aqui em Portugal. Pode <strong><a href=\"https:\/\/terralivha.pt\/pt-pt\/\" data-type=\"link\" data-id=\"https:\/\/terralivha.pt\/pt-pt\/\">descobrir mais sobre o projeto Terra Livha aqui<\/a><\/strong>.<\/p>\n\n\n\n<p>Estamos muito gratos pela ajuda de todos para tornar isso poss\u00edvel\ud83d\ude0a\ud83d\ude4f\ud83d\udc9b<\/p>\n\n\n\n<div class=\"wp-block-uagb-advanced-heading uagb-block-67d86661\" id=\"lista-material\"><h3 class=\"uagb-heading-text\">Lista do material necess\u00e1rio:<\/h3><\/div>\n\n\n\n<p>Abaixo encontra-se a lista do material procurado. Para oferecer uma doa\u00e7\u00e3o de material, clique no bot\u00e3o verde. <\/p>\n\n\n\n<div class=\"wp-block-buttons is-layout-flex wp-block-buttons-is-layout-flex\" style=\"border-style:none;border-width:0px;border-radius:0px\">\n<div class=\"wp-block-button\"><a class=\"wp-block-button__link wp-element-button\" href=\"https:\/\/terralivha.pt\/pt-pt\/doacao-equipamentos\/#doacao-material\"><strong>Propor uma doa\u00e7\u00e3o de material<\/strong><\/a><\/div>\n<\/div>\n\n\n\n<p><strong>OBJETOS E MATERIAL PROCURADO:<\/strong><\/p>\n\n\n\n<p>Gerador el\u00e9trico atrav\u00e9s de instala\u00e7\u00e3o solar (pain\u00e9is\/baterias)<\/p>\n\n\n\n<p>Tonelada de \u00e1gua (tanque IBC)<\/p>\n\n\n\n<p>Bid\u00f5es de \u00e1gua com torneira (20 litros ou mais)<\/p>\n\n\n\n<p>Garrafas t\u00e9rmicas<\/p>\n\n\n\n<p>Bolsas t\u00e9rmicas e blocos de gelo<\/p>\n\n\n\n<p>Conex\u00f5es e mangueiras para garrafas de g\u00e1s<\/p>\n\n\n\n<p>Bra\u00e7adeiras com parafuso<\/p>\n\n\n\n<p>Tubos de irriga\u00e7\u00e3o (de prefer\u00eancia longos e com v\u00e1rios encaixes)<\/p>\n\n\n\n<p>Conex\u00f5es para tanques IBC S60x6 com torneira<\/p>\n\n\n\n<p>Sistema de filtragem de \u00e1gua<\/p>\n\n\n\n<p>Bacias, baldes&#8230;<\/p>\n\n\n\n<p>Chuveiros solares<\/p>\n\n\n\n<p>M\u00e1quina de lavar manual \u00abmec\u00e2nica\u00bb, bacia\/cuba para lavar roupa com t\u00e1bua de lavar<\/p>\n\n\n\n<p>L\u00e2mpadas a g\u00e1s\/LED, l\u00e2mpadas solares, guirlandas el\u00e9tricas<\/p>\n\n\n\n<p>Extens\u00f5es, tomadas m\u00faltiplas (de prefer\u00eancia para uso externo)<\/p>\n\n\n\n<p>G\u00e9is de banho, sabonetes e champ\u00f4s biol\u00f3gicos<\/p>\n\n\n\n<p>Caixas herm\u00e9ticas, ba\u00fas e recipientes que fecham bem, latas para alimentos, barris: para armazenamento de alimentos no acampamento<\/p>\n\n\n\n<p>Panela de press\u00e3o de grande capacidade<\/p>\n\n\n\n<p>Caixotes do lixo<\/p>\n\n\n\n<p>Caixotes do lixo<\/p>\n\n\n\n<p>Capacetes de trabalho<\/p>\n\n\n\n<p>Outros equipamentos de prote\u00e7\u00e3o<\/p>\n\n\n\n<p>Esp\u00e1tulas<\/p>\n\n\n\n<p>Ferramentas el\u00e9ctricas port\u00e1teis<\/p>\n\n\n\n<p>Ferramentas e acess\u00f3rios diversos<\/p>\n\n\n\n<p>Correias para lixadeira Bosch 80A\/100A<\/p>\n\n\n\n<p>Parafusos de estrela, pregos galvanizados<\/p>\n\n\n\n<p>cana do leme<\/p>\n\n\n\n<p>misturador<\/p>\n\n\n\n<p>betoneira<\/p>\n\n\n\n<p>Tapetes e colch\u00f5es de campismo<\/p>\n\n\n\n<p>Tendas grandes para \u00e1reas cobertas<\/p>\n\n\n\n<p>Panos de sombra<\/p>\n\n\n\n<p>Camas de rede<\/p>\n\n\n\n<p>Mosquet\u00f5es, cordas, estacas, etc.<\/p>\n\n\n\n<p>Lonas (para prote\u00e7\u00e3o do equipamento e do telhado)<\/p>\n\n\n\n<p>Torneiras, acess\u00f3rios e mangueiras<\/p>\n\n\n\n<p>Edred\u00f5es, cobertores, almofadas de campismo<\/p>\n\n\n\n<p>Pequena bomba de \u00e1gua el\u00e9ctrica para torneiras<\/p>\n\n\n\n<p>Refor\u00e7o de press\u00e3o<\/p>\n\n\n\n<p>Camas de campismo<\/p>\n\n\n\n<p>Tenda para duche ou WC adicional<\/p>\n\n\n\n<p>filtro de gravidade para \u00e1gua pot\u00e1vel (tipo berkey, doulton ou british bekerfield)<\/p>\n\n\n\n<p>Aquecedor de \u00e1gua a g\u00e1s instant\u00e2neo para duches de campismo<\/p>\n\n\n\n<p>Frascos ou recipientes de cer\u00e2mica<\/p>\n\n\n\n<p>Frigor\u00edfico a g\u00e1s ou tri-mix, congelador<\/p>\n\n\n\n<p><\/p>\n\n\n\n<p>Mesas de campismo<\/p>\n\n\n\n<p>cavaletes e pranchas<\/p>\n\n\n\n<p>Estendal<\/p>\n\n\n\n<div class=\"wp-block-uagb-advanced-heading uagb-block-957ae0ba\" id=\"doacao-material\"><h3 class=\"uagb-heading-text\">Propor uma doa\u00e7\u00e3o de material<\/h3><\/div>\n\n\n\n<p>Abaixo encontra-se o <strong>formul\u00e1rio que precisa de preencher para propor uma doa\u00e7\u00e3o de equipamento<\/strong>. Para ver a lista completa do equipamento que procura, clique no bot\u00e3o verde. <\/p>\n\n\n\n<div class=\"wp-block-buttons is-layout-flex wp-block-buttons-is-layout-flex\" style=\"border-style:none;border-width:0px;border-radius:0px\">\n<div class=\"wp-block-button\"><a class=\"wp-block-button__link wp-element-button\" href=\"https:\/\/terralivha.pt\/pt-pt\/doacao-equipamentos\/#lista-material\"><strong>Ver a lista de equipamento procurado<\/strong><\/a><\/div>\n<\/div>\n\n\n\n<div class=\"wp-block-uagb-container uagb-block-3dbbd520 alignfull uagb-is-root-container\"><div class=\"uagb-container-inner-blocks-wrap\">\n<iframe loading=\"lazy\" src=\"https:\/\/docs.google.com\/forms\/d\/e\/1FAIpQLSdf9UJXDuaSveKzDYL1MtVQzBvQqjh4GQwVkSIzx9FhcviMjA\/viewform?embedded=true\" width=\"640\" height=\"1962\" frameborder=\"0\" marginheight=\"0\" marginwidth=\"0\">Carregando&#8230;<\/iframe>\n<\/div><\/div>\n\n\n\n<p><\/p>\n","protected":false},"excerpt":{"rendered":"<p>Apelo \u00e0 doa\u00e7\u00e3o de equipamentos Bem vindo \u00e0 p\u00e1gina de apelo a doa\u00e7\u00f5es de equipamentos para o nosso projeto Terra Livha! Nesta p\u00e1gina, encontrar\u00e1 uma lista completa dos materiais que procuramos, bem como um formul\u00e1rio que pode preencher para oferecer uma doa\u00e7\u00e3o de materiais. O nosso projeto \u201cTerra Livha\u201d situa-se perto de Garv\u00e3o, na bela [&hellip;]<\/p>\n","protected":false},"author":1,"featured_media":0,"parent":0,"menu_order":0,"comment_status":"closed","ping_status":"closed","template":"","meta":{"_uag_custom_page_level_css":"","site-sidebar-layout":"default","site-content-layout":"","ast-site-content-layout":"default","site-content-style":"default","site-sidebar-style":"default","ast-global-header-display":"","ast-banner-title-visibility":"","ast-main-header-display":"","ast-hfb-above-header-display":"","ast-hfb-below-header-display":"","ast-hfb-mobile-header-display":"","site-post-title":"disabled","ast-breadcrumbs-content":"","ast-featured-img":"","footer-sml-layout":"","ast-disable-related-posts":"","theme-transparent-header-meta":"","adv-header-id-meta":"","stick-header-meta":"","header-above-stick-meta":"","header-main-stick-meta":"","header-below-stick-meta":"","astra-migrate-meta-layouts":"set","ast-page-background-enabled":"default","ast-page-background-meta":{"desktop":{"background-color":"var(--ast-global-color-4)","background-image":"","background-repeat":"repeat","background-position":"center center","background-size":"auto","background-attachment":"scroll","background-type":"","background-media":"","overlay-type":"","overlay-color":"","overlay-opacity":"","overlay-gradient":""},"tablet":{"background-color":"","background-image":"","background-repeat":"repeat","background-position":"center center","background-size":"auto","background-attachment":"scroll","background-type":"","background-media":"","overlay-type":"","overlay-color":"","overlay-opacity":"","overlay-gradient":""},"mobile":{"background-color":"","background-image":"","background-repeat":"repeat","background-position":"center center","background-size":"auto","background-attachment":"scroll","background-type":"","background-media":"","overlay-type":"","overlay-color":"","overlay-opacity":"","overlay-gradient":""}},"ast-content-background-meta":{"desktop":{"background-color":"var(--ast-global-color-5)","background-image":"","background-repeat":"repeat","background-position":"center center","background-size":"auto","background-attachment":"scroll","background-type":"","background-media":"","overlay-type":"","overlay-color":"","overlay-opacity":"","overlay-gradient":""},"tablet":{"background-color":"var(--ast-global-color-5)","background-image":"","background-repeat":"repeat","background-position":"center center","background-size":"auto","background-attachment":"scroll","background-type":"","background-media":"","overlay-type":"","overlay-color":"","overlay-opacity":"","overlay-gradient":""},"mobile":{"background-color":"var(--ast-global-color-5)","background-image":"","background-repeat":"repeat","background-position":"center center","background-size":"auto","background-attachment":"scroll","background-type":"","background-media":"","overlay-type":"","overlay-color":"","overlay-opacity":"","overlay-gradient":""}},"footnotes":""},"class_list":["post-3363","page","type-page","status-publish","hentry"],"uagb_featured_image_src":{"full":false,"thumbnail":false,"medium":false,"medium_large":false,"large":false,"1536x1536":false,"2048x2048":false},"uagb_author_info":{"display_name":"livaTeradm99","author_link":"https:\/\/terralivha.pt\/pt-pt\/author\/livateradm99\/"},"uagb_comment_info":0,"uagb_excerpt":"Apelo \u00e0 doa\u00e7\u00e3o de equipamentos Bem vindo \u00e0 p\u00e1gina de apelo a doa\u00e7\u00f5es de equipamentos para o nosso projeto Terra Livha! Nesta p\u00e1gina, encontrar\u00e1 uma lista completa dos materiais que procuramos, bem como um formul\u00e1rio que pode preencher para oferecer uma doa\u00e7\u00e3o de materiais. O nosso projeto \u201cTerra Livha\u201d situa-se perto de Garv\u00e3o, na bela&hellip;","_links":{"self":[{"href":"https:\/\/terralivha.pt\/pt-pt\/wp-json\/wp\/v2\/pages\/3363","targetHints":{"allow":["GET"]}}],"collection":[{"href":"https:\/\/terralivha.pt\/pt-pt\/wp-json\/wp\/v2\/pages"}],"about":[{"href":"https:\/\/terralivha.pt\/pt-pt\/wp-json\/wp\/v2\/types\/page"}],"author":[{"embeddable":true,"href":"https:\/\/terralivha.pt\/pt-pt\/wp-json\/wp\/v2\/users\/1"}],"replies":[{"embeddable":true,"href":"https:\/\/terralivha.pt\/pt-pt\/wp-json\/wp\/v2\/comments?post=3363"}],"version-history":[{"count":8,"href":"https:\/\/terralivha.pt\/pt-pt\/wp-json\/wp\/v2\/pages\/3363\/revisions"}],"predecessor-version":[{"id":3373,"href":"https:\/\/terralivha.pt\/pt-pt\/wp-json\/wp\/v2\/pages\/3363\/revisions\/3373"}],"wp:attachment":[{"href":"https:\/\/terralivha.pt\/pt-pt\/wp-json\/wp\/v2\/media?parent=3363"}],"curies":[{"name":"wp","href":"https:\/\/api.w.org\/{rel}","templated":true}]}}